{"id":47,"date":"2021-03-08T15:18:01","date_gmt":"2021-03-08T15:18:01","guid":{"rendered":"https:\/\/www.nntburnley.org\/?page_id=47"},"modified":"2025-05-16T10:37:46","modified_gmt":"2025-05-16T09:37:46","slug":"donate","status":"publish","type":"page","link":"https:\/\/www.nntburnley.org\/ku\/donate\/","title":{"rendered":"Spas ji bo ku h\u00fbn bex\u015f\u00een\u00ea difikirin!"},"content":{"rendered":"<div data-elementor-type=\"wp-page\" data-elementor-id=\"47\" class=\"elementor elementor-47\" data-elementor-post-type=\"page\">\n\t\t\t\t\t\t<section class=\"elementor-section elementor-top-section elementor-element elementor-element-8968e61 elementor-section-boxed elementor-section-height-default elementor-section-height-default\" data-id=\"8968e61\" data-element_type=\"section\">\n\t\t\t\t\t\t<div class=\"elementor-container elementor-column-gap-default\">\n\t\t\t\t\t<div class=\"elementor-column elementor-col-100 elementor-top-column elementor-element elementor-element-9903cc9\" data-id=\"9903cc9\" data-element_type=\"column\">\n\t\t\t<div class=\"elementor-widget-wrap elementor-element-populated\">\n\t\t\t\t\t\t<div class=\"elementor-element elementor-element-47be513 elementor-widget elementor-widget-heading\" data-id=\"47be513\" data-element_type=\"widget\" data-widget_type=\"heading.default\">\n\t\t\t\t<div class=\"elementor-widget-container\">\n\t\t\t\t\t<h2 class=\"elementor-heading-title elementor-size-default\">Bex\u015f\u00eena ti\u015ftan<\/h2>\t\t\t\t<\/div>\n\t\t\t\t<\/div>\n\t\t\t\t<div class=\"elementor-element elementor-element-f59562a elementor-widget elementor-widget-text-editor\" data-id=\"f59562a\" data-element_type=\"widget\" data-widget_type=\"text-editor.default\">\n\t\t\t\t<div class=\"elementor-widget-container\">\n\t\t\t\t\t\t\t\t\t<p>Em her tim hewcey\u00ea niv\u00een, cil \u00fb berg \u00fb kel\u00fbpel\u00ean mal\u00ea y\u00ean bi kal\u00eete \u00fb her weha hin ti\u015ft\u00ean mob\u00eelya ne. Em bex\u015f\u00ean wek\u00ee kel\u00fbpel\u00ean mal\u00ea y\u00ean n\u00fb, erebey\u00ean zarokan \u00fb erebey\u00ean zarokan, cil\u00ean dest\u00ea duyem an n\u00fb ji bo mezinan, ciwanan, pitik\u00ean pi\u00e7\u00fbk \u00fb zarokan qeb\u00fbl dikin.<br \/>Ji kerema xwe t\u00eakil\u00ee daynin li ser <b>info@nntburnley.org <\/b>an <b>07710 550181\u00a0<\/b>ji bo diyarkirina d\u00eerok \u00fb demek guncaw ji bo radestkirina bex\u015f\u00ean we. <b>Em dikarin b\u00eay\u00ee r\u00eakeftin\u00ean p\u00ea\u015fwext radestkirina zarokan qeb\u00fbl nekin.\u00a0<\/b><\/p><p><b>\u00a0<\/b><\/p><p><b>***Me bi\u015fop\u00eenin <a href=\"https:\/\/www.facebook.com\/nntburnley\">Facebook<\/a> r\u00fbpel ji bo agahdariya her\u00ee daw\u00ee ya li ser ti\u015ft\u00ean ku em hewce ne.***<\/b><\/p><p><b>\u00a0<\/b><\/p><p><b>Ti\u015ft\u00ean ku em her gav l\u00ea digerin:<\/b><\/p><ul style=\"font-size: 16px; font-style: normal;\"><li style=\"font-weight: 400; font-size: 16px;\">Cil \u00fb berg\u00ean m\u00earan \u2013 bi\u00e7\u00fbk, nav\u00een \u00fb mezin (ne XL an XXL), kember, pantol \u00fb kiras.<\/li><li style=\"font-weight: 400; font-size: 16px;\">Cil \u00fb berg\u00ean jinan - bi taybet\u00ee cil \u00fb berg l\u00ea ten\u00ea heta mezinahiya 16 ji kerema xwe.<\/li><li style=\"font-weight: 400; font-size: 16px;\">Cil \u00fb berg\u00ean xort \u00fb ke\u00e7an \u00ean ciwan - sweatshirts \u00fb jeans k\u00eam in<\/li><li style=\"font-size: 16px;\">P\u00ealav\u00ean p\u00ealav\u00ean qal\u00eeteya ba\u015f di hem\u00ee p\u00eevanan de - m\u00ear, jin \u00fb zarok.<b>\u00a0<\/b><\/li><li style=\"font-weight: 400; font-size: 16px;\">Blanket - celeb\u00ea st\u00fbr a kevnar ji kerema xwe.<\/li><li style=\"font-weight: 400; font-size: 16px;\">Niv\u00een - cil \u00fb bergan\u00a0<\/li><li style=\"font-weight: 400; font-size: 16px;\">Ti\u015ft\u00ean metbex\u00ea - set\u00ean qurmi\u00e7\u00ee, tap\u00ean mezin \u00fb firing\u00ee<\/li><li style=\"font-weight: 400; font-size: 16px;\">P\u00eadiviy\u00ean paqijkirin\u00ea - mop \u00fb kep\u00e7e \u00fb hwd.<\/li><\/ul><p style=\"font-size: 16px; font-style: normal; font-weight: 400; margin-bottom: 0.5em;\"><i style=\"color: var( --e-global-color-text ); font-family: var( --e-global-typography-text-font-family ), Sans-serif; font-size: var( --e-global-typography-text-font-size ); font-weight: var( --e-global-typography-text-font-weight );\">Ji kerema xwe not bikin:<\/i>\u00a0carinan em nikarin bex\u015f\u00eenan bikar b\u00eenin ji ber ku ew negunca ne (m\u00eenak pir mezin, ti\u015ft\u00ean kesane y\u00ean ku ber\u00ea hatine bikar an\u00een) an j\u00ee qels in. Em dikin\u00a0<span style=\"font-weight: bold; color: var( --e-global-color-text ); font-family: var( --e-global-typography-text-font-family ), Sans-serif; font-size: var( --e-global-typography-text-font-size );\">ne<\/span>\u00a0bric-a-brac qeb\u00fbl bikin \u00fb terc\u00eeh bikin ku li ser ti\u015ft\u00ean bingeh\u00een bisekinin.<\/p><p style=\"font-size: 16px; font-style: normal; font-weight: 400; margin-bottom: 0.5em;\">Ji kerema xwe ten\u00ea ti\u015ft\u00ean bi kal\u00eete y\u00ean ku h\u00fbn h\u00een j\u00ee dixwazin di mala xwe de hebin bex\u015f bikin. Ne hewce ye ku ew n\u00fb bin, l\u00ea ji kerema xwe zirar\u00ean berbi\u00e7av, lekeyan an j\u00ee kevinb\u00fbn \u00fb \u015fikestina z\u00eade li ser wan nebin.\u00a0<\/p>\t\t\t\t\t\t\t\t<\/div>\n\t\t\t\t<\/div>\n\t\t\t\t\t<\/div>\n\t\t<\/div>\n\t\t\t\t\t<\/div>\n\t\t<\/section>\n\t\t\t\t<section class=\"elementor-section elementor-top-section elementor-element elementor-element-3e363ab elementor-section-boxed elementor-section-height-default elementor-section-height-default\" data-id=\"3e363ab\" data-element_type=\"section\">\n\t\t\t\t\t\t<div class=\"elementor-container elementor-column-gap-default\">\n\t\t\t\t\t<div class=\"elementor-column elementor-col-100 elementor-top-column elementor-element elementor-element-d38229e\" data-id=\"d38229e\" data-element_type=\"column\">\n\t\t\t<div class=\"elementor-widget-wrap elementor-element-populated\">\n\t\t\t\t\t\t<div class=\"elementor-element elementor-element-4628515 elementor-widget elementor-widget-heading\" data-id=\"4628515\" data-element_type=\"widget\" data-widget_type=\"heading.default\">\n\t\t\t\t<div class=\"elementor-widget-container\">\n\t\t\t\t\t<h2 class=\"elementor-heading-title elementor-size-default\">Al\u00eekariy\u00ean abor\u00ee<\/h2>\t\t\t\t<\/div>\n\t\t\t\t<\/div>\n\t\t\t\t\t<\/div>\n\t\t<\/div>\n\t\t\t\t\t<\/div>\n\t\t<\/section>\n\t\t\t\t<section class=\"elementor-section elementor-top-section elementor-element elementor-element-07748b2 elementor-section-boxed elementor-section-height-default elementor-section-height-default\" data-id=\"07748b2\" data-element_type=\"section\">\n\t\t\t\t\t\t<div class=\"elementor-container elementor-column-gap-default\">\n\t\t\t\t\t<div class=\"elementor-column elementor-col-100 elementor-top-column elementor-element elementor-element-e1aa514\" data-id=\"e1aa514\" data-element_type=\"column\">\n\t\t\t<div class=\"elementor-widget-wrap elementor-element-populated\">\n\t\t\t\t\t\t<div class=\"elementor-element elementor-element-65013d0 elementor-widget elementor-widget-text-editor\" data-id=\"65013d0\" data-element_type=\"widget\" data-widget_type=\"text-editor.default\">\n\t\t\t\t<div class=\"elementor-widget-container\">\n\t\t\t\t\t\t\t\t\t<p><span style=\"color: var( --e-global-color-text ); font-family: var( --e-global-typography-text-font-family ), Sans-serif; font-size: var( --e-global-typography-text-font-size ); font-weight: var( --e-global-typography-text-font-weight );\">Em nikarin xizmet\u00ean bingeh\u00een \u00ean ku penaxwaz \u00fb penaber\u00ean me hewce ne b\u00eay\u00ee bex\u015f\u00ean daray\u00ee bidin. Em ji bo hem\u00ee pi\u015ftgir\u00eeya ku em dist\u00eenin pir spasdar in \u00fb spasiya her kes\u00ee dikin ji bo tevkariy\u00ean wan - \u00e7iqas mezin bin an pi\u00e7\u00fbk bin.\u00a0<\/span><\/p><p><strong><span style=\"color: var( --e-global-color-text ); font-family: var( --e-global-typography-text-font-family ), Sans-serif; font-size: var( --e-global-typography-text-font-size );\">Ji bo ku h\u00fbn al\u00eekariya daray\u00ee ji New Neighbors Together re bikin, ten\u00ea li ser r\u00fbpela me bi\u00e7in\u00a0<\/span><a href=\"https:\/\/localgiving.org\/donation\/new-neighbours-together?emb=a716c77742\" target=\"_blank\" rel=\"noopener\">malpera komkirina drav Localgiving<\/a>.<span style=\"color: var( --e-global-color-text ); font-family: var( --e-global-typography-text-font-family ), Sans-serif; font-size: var( --e-global-typography-text-font-size );\">\u00a0Spas dikim!<\/span><\/strong><\/p>\t\t\t\t\t\t\t\t<\/div>\n\t\t\t\t<\/div>\n\t\t\t\t\t<\/div>\n\t\t<\/div>\n\t\t\t\t\t<\/div>\n\t\t<\/section>\n\t\t\t\t<\/div>","protected":false},"excerpt":{"rendered":"<p>Donating items We always need good quality bedding, clothing and household items as well as certain items of furniture. We accept donations &#8220;good as new household items, prams and pushchairs, second-hand or new clothing for adults, young people, toddlers and children.Please get in touch on info@nntburnley.org or 07710 550181\u00a0to arrange a suitable date and time [&hellip;]<\/p>\n","protected":false},"author":1,"featured_media":555,"parent":0,"menu_order":0,"comment_status":"closed","ping_status":"closed","template":"","meta":{"site-sidebar-layout":"no-sidebar","site-content-layout":"page-builder","ast-site-content-layout":"default","site-content-style":"default","site-sidebar-style":"default","ast-global-header-display":"","ast-banner-title-visibility":"","ast-main-header-display":"","ast-hfb-above-header-display":"","ast-hfb-below-header-display":"","ast-hfb-mobile-header-display":"","site-post-title":"disabled","ast-breadcrumbs-content":"","ast-featured-img":"disabled","footer-sml-layout":"","ast-disable-related-posts":"","theme-transparent-header-meta":"default","adv-header-id-meta":"","stick-header-meta":"","header-above-stick-meta":"","header-main-stick-meta":"","header-below-stick-meta":"","astra-migrate-meta-layouts":"default","ast-page-background-enabled":"default","ast-page-background-meta":{"desktop":{"background-color":"","background-image":"","background-repeat":"repeat","background-position":"center center","background-size":"auto","background-attachment":"scroll","background-type":"","background-media":"","overlay-type":"","overlay-color":"","overlay-opacity":"","overlay-gradient":""},"tablet":{"background-color":"","background-image":"","background-repeat":"repeat","background-position":"center center","background-size":"auto","background-attachment":"scroll","background-type":"","background-media":"","overlay-type":"","overlay-color":"","overlay-opacity":"","overlay-gradient":""},"mobile":{"background-color":"","background-image":"","background-repeat":"repeat","background-position":"center center","background-size":"auto","background-attachment":"scroll","background-type":"","background-media":"","overlay-type":"","overlay-color":"","overlay-opacity":"","overlay-gradient":""}},"ast-content-background-meta":{"desktop":{"background-color":"var(--ast-global-color-5)","background-image":"","background-repeat":"repeat","background-position":"center center","background-size":"auto","background-attachment":"scroll","background-type":"","background-media":"","overlay-type":"","overlay-color":"","overlay-opacity":"","overlay-gradient":""},"tablet":{"background-color":"var(--ast-global-color-5)","background-image":"","background-repeat":"repeat","background-position":"center center","background-size":"auto","background-attachment":"scroll","background-type":"","background-media":"","overlay-type":"","overlay-color":"","overlay-opacity":"","overlay-gradient":""},"mobile":{"background-color":"var(--ast-global-color-5)","background-image":"","background-repeat":"repeat","background-position":"center center","background-size":"auto","background-attachment":"scroll","background-type":"","background-media":"","overlay-type":"","overlay-color":"","overlay-opacity":"","overlay-gradient":""}},"footnotes":""},"class_list":["post-47","page","type-page","status-publish","has-post-thumbnail","hentry"],"yoast_head":"<!-- This site is optimized with the Yoast SEO plugin v27.6 - https:\/\/yoast.com\/product\/yoast-seo-wordpress\/ -->\n<title>Thank you for considering donating! - New Neighbours Together Burnley<\/title>\n<meta name=\"robots\" content=\"index, follow, max-snippet:-1, max-image-preview:large, max-video-preview:-1\" \/>\n<link rel=\"canonical\" href=\"https:\/\/www.nntburnley.org\/ku\/donate\/\" \/>\n<meta property=\"og:locale\" content=\"en_US\" \/>\n<meta property=\"og:type\" content=\"article\" \/>\n<meta property=\"og:title\" content=\"Thank you for considering donating! - New Neighbours Together Burnley\" \/>\n<meta property=\"og:description\" content=\"Donating items We always need good quality bedding, clothing and household items as well as certain items of furniture. We accept donations &#8220;good as new household items, prams and pushchairs, second-hand or new clothing for adults, young people, toddlers and children.Please get in touch on info@nntburnley.org or 07710 550181\u00a0to arrange a suitable date and time [&hellip;]\" \/>\n<meta property=\"og:url\" content=\"https:\/\/www.nntburnley.org\/ku\/donate\/\" \/>\n<meta property=\"og:site_name\" content=\"New Neighbours Together Burnley\" \/>\n<meta property=\"article:modified_time\" content=\"2025-05-16T09:37:46+00:00\" \/>\n<meta property=\"og:image\" content=\"https:\/\/www.nntburnley.org\/wp-content\/uploads\/2021\/05\/Sorting-donations-scaled-1-e1622039086422.jpg\" \/>\n\t<meta property=\"og:image:width\" content=\"2259\" \/>\n\t<meta property=\"og:image:height\" content=\"1420\" \/>\n\t<meta property=\"og:image:type\" content=\"image\/jpeg\" \/>\n<meta name=\"twitter:card\" content=\"summary_large_image\" \/>\n<meta name=\"twitter:label1\" content=\"Est. reading time\" \/>\n\t<meta name=\"twitter:data1\" content=\"2 \u062e\u0648\u0644\u06d5\u06a9\" \/>\n<script type=\"application\/ld+json\" class=\"yoast-schema-graph\">{\"@context\":\"https:\\\/\\\/schema.org\",\"@graph\":[{\"@type\":\"WebPage\",\"@id\":\"https:\\\/\\\/www.nntburnley.org\\\/donate\\\/\",\"url\":\"https:\\\/\\\/www.nntburnley.org\\\/donate\\\/\",\"name\":\"Thank you for considering donating! - New Neighbours Together Burnley\",\"isPartOf\":{\"@id\":\"https:\\\/\\\/www.nntburnley.org\\\/#website\"},\"primaryImageOfPage\":{\"@id\":\"https:\\\/\\\/www.nntburnley.org\\\/donate\\\/#primaryimage\"},\"image\":{\"@id\":\"https:\\\/\\\/www.nntburnley.org\\\/donate\\\/#primaryimage\"},\"thumbnailUrl\":\"https:\\\/\\\/www.nntburnley.org\\\/wp-content\\\/uploads\\\/2021\\\/05\\\/Sorting-donations-scaled-1-e1622039086422.jpg\",\"datePublished\":\"2021-03-08T15:18:01+00:00\",\"dateModified\":\"2025-05-16T09:37:46+00:00\",\"breadcrumb\":{\"@id\":\"https:\\\/\\\/www.nntburnley.org\\\/donate\\\/#breadcrumb\"},\"inLanguage\":\"ckb\",\"potentialAction\":[{\"@type\":\"ReadAction\",\"target\":[\"https:\\\/\\\/www.nntburnley.org\\\/donate\\\/\"]}]},{\"@type\":\"ImageObject\",\"inLanguage\":\"ckb\",\"@id\":\"https:\\\/\\\/www.nntburnley.org\\\/donate\\\/#primaryimage\",\"url\":\"https:\\\/\\\/www.nntburnley.org\\\/wp-content\\\/uploads\\\/2021\\\/05\\\/Sorting-donations-scaled-1-e1622039086422.jpg\",\"contentUrl\":\"https:\\\/\\\/www.nntburnley.org\\\/wp-content\\\/uploads\\\/2021\\\/05\\\/Sorting-donations-scaled-1-e1622039086422.jpg\",\"width\":2259,\"height\":1420,\"caption\":\"smart\"},{\"@type\":\"BreadcrumbList\",\"@id\":\"https:\\\/\\\/www.nntburnley.org\\\/donate\\\/#breadcrumb\",\"itemListElement\":[{\"@type\":\"ListItem\",\"position\":1,\"name\":\"Home\",\"item\":\"https:\\\/\\\/www.nntburnley.org\\\/\"},{\"@type\":\"ListItem\",\"position\":2,\"name\":\"Thank you for considering donating!\"}]},{\"@type\":\"WebSite\",\"@id\":\"https:\\\/\\\/www.nntburnley.org\\\/#website\",\"url\":\"https:\\\/\\\/www.nntburnley.org\\\/\",\"name\":\"New Neighbours Together Burnley\",\"description\":\"helping asylum seekers and refugees in Burnley\",\"publisher\":{\"@id\":\"https:\\\/\\\/www.nntburnley.org\\\/#organization\"},\"potentialAction\":[{\"@type\":\"SearchAction\",\"target\":{\"@type\":\"EntryPoint\",\"urlTemplate\":\"https:\\\/\\\/www.nntburnley.org\\\/?s={search_term_string}\"},\"query-input\":{\"@type\":\"PropertyValueSpecification\",\"valueRequired\":true,\"valueName\":\"search_term_string\"}}],\"inLanguage\":\"ckb\"},{\"@type\":\"Organization\",\"@id\":\"https:\\\/\\\/www.nntburnley.org\\\/#organization\",\"name\":\"New Neighbours Together Burnley\",\"url\":\"https:\\\/\\\/www.nntburnley.org\\\/\",\"logo\":{\"@type\":\"ImageObject\",\"inLanguage\":\"ckb\",\"@id\":\"https:\\\/\\\/www.nntburnley.org\\\/#\\\/schema\\\/logo\\\/image\\\/\",\"url\":\"https:\\\/\\\/www.nntburnley.org\\\/wp-content\\\/uploads\\\/2024\\\/06\\\/Chosen-Logo2.png\",\"contentUrl\":\"https:\\\/\\\/www.nntburnley.org\\\/wp-content\\\/uploads\\\/2024\\\/06\\\/Chosen-Logo2.png\",\"width\":1072,\"height\":1256,\"caption\":\"New Neighbours Together Burnley\"},\"image\":{\"@id\":\"https:\\\/\\\/www.nntburnley.org\\\/#\\\/schema\\\/logo\\\/image\\\/\"}}]}<\/script>\n<!-- \/ Yoast SEO plugin. -->","yoast_head_json":{"title":"Spas ji bo ku h\u00fbn bex\u015f\u00een\u00ea difikirin! - C\u00eeran\u00ean N\u00fb Bi hev re Burnley","robots":{"index":"index","follow":"follow","max-snippet":"max-snippet:-1","max-image-preview":"max-image-preview:large","max-video-preview":"max-video-preview:-1"},"canonical":"https:\/\/www.nntburnley.org\/ku\/donate\/","og_locale":"en_US","og_type":"article","og_title":"Thank you for considering donating! - New Neighbours Together Burnley","og_description":"Donating items We always need good quality bedding, clothing and household items as well as certain items of furniture. We accept donations &#8220;good as new household items, prams and pushchairs, second-hand or new clothing for adults, young people, toddlers and children.Please get in touch on info@nntburnley.org or 07710 550181\u00a0to arrange a suitable date and time [&hellip;]","og_url":"https:\/\/www.nntburnley.org\/ku\/donate\/","og_site_name":"New Neighbours Together Burnley","article_modified_time":"2025-05-16T09:37:46+00:00","og_image":[{"width":2259,"height":1420,"url":"https:\/\/www.nntburnley.org\/wp-content\/uploads\/2021\/05\/Sorting-donations-scaled-1-e1622039086422.jpg","type":"image\/jpeg"}],"twitter_card":"summary_large_image","twitter_misc":{"Est. reading time":"2 \u062e\u0648\u0644\u06d5\u06a9"},"schema":{"@context":"https:\/\/schema.org","@graph":[{"@type":"WebPage","@id":"https:\/\/www.nntburnley.org\/donate\/","url":"https:\/\/www.nntburnley.org\/donate\/","name":"Spas ji bo ku h\u00fbn bex\u015f\u00een\u00ea difikirin! - C\u00eeran\u00ean N\u00fb Bi hev re Burnley","isPartOf":{"@id":"https:\/\/www.nntburnley.org\/#website"},"primaryImageOfPage":{"@id":"https:\/\/www.nntburnley.org\/donate\/#primaryimage"},"image":{"@id":"https:\/\/www.nntburnley.org\/donate\/#primaryimage"},"thumbnailUrl":"https:\/\/www.nntburnley.org\/wp-content\/uploads\/2021\/05\/Sorting-donations-scaled-1-e1622039086422.jpg","datePublished":"2021-03-08T15:18:01+00:00","dateModified":"2025-05-16T09:37:46+00:00","breadcrumb":{"@id":"https:\/\/www.nntburnley.org\/donate\/#breadcrumb"},"inLanguage":"ckb","potentialAction":[{"@type":"ReadAction","target":["https:\/\/www.nntburnley.org\/donate\/"]}]},{"@type":"ImageObject","inLanguage":"ckb","@id":"https:\/\/www.nntburnley.org\/donate\/#primaryimage","url":"https:\/\/www.nntburnley.org\/wp-content\/uploads\/2021\/05\/Sorting-donations-scaled-1-e1622039086422.jpg","contentUrl":"https:\/\/www.nntburnley.org\/wp-content\/uploads\/2021\/05\/Sorting-donations-scaled-1-e1622039086422.jpg","width":2259,"height":1420,"caption":"smart"},{"@type":"BreadcrumbList","@id":"https:\/\/www.nntburnley.org\/donate\/#breadcrumb","itemListElement":[{"@type":"ListItem","position":1,"name":"Home","item":"https:\/\/www.nntburnley.org\/"},{"@type":"ListItem","position":2,"name":"Thank you for considering donating!"}]},{"@type":"WebSite","@id":"https:\/\/www.nntburnley.org\/#website","url":"https:\/\/www.nntburnley.org\/","name":"C\u00eeran\u00ean N\u00fb Bi hev re Burnley","description":"al\u00eekariya penaxwaz \u00fb penaber\u00ean li Burnley","publisher":{"@id":"https:\/\/www.nntburnley.org\/#organization"},"potentialAction":[{"@type":"SearchAction","target":{"@type":"EntryPoint","urlTemplate":"https:\/\/www.nntburnley.org\/?s={search_term_string}"},"query-input":{"@type":"PropertyValueSpecification","valueRequired":true,"valueName":"search_term_string"}}],"inLanguage":"ckb"},{"@type":"Organization","@id":"https:\/\/www.nntburnley.org\/#organization","name":"C\u00eeran\u00ean N\u00fb Bi hev re Burnley","url":"https:\/\/www.nntburnley.org\/","logo":{"@type":"ImageObject","inLanguage":"ckb","@id":"https:\/\/www.nntburnley.org\/#\/schema\/logo\/image\/","url":"https:\/\/www.nntburnley.org\/wp-content\/uploads\/2024\/06\/Chosen-Logo2.png","contentUrl":"https:\/\/www.nntburnley.org\/wp-content\/uploads\/2024\/06\/Chosen-Logo2.png","width":1072,"height":1256,"caption":"New Neighbours Together Burnley"},"image":{"@id":"https:\/\/www.nntburnley.org\/#\/schema\/logo\/image\/"}}]}},"_links":{"self":[{"href":"https:\/\/www.nntburnley.org\/ku\/wp-json\/wp\/v2\/pages\/47","targetHints":{"allow":["GET"]}}],"collection":[{"href":"https:\/\/www.nntburnley.org\/ku\/wp-json\/wp\/v2\/pages"}],"about":[{"href":"https:\/\/www.nntburnley.org\/ku\/wp-json\/wp\/v2\/types\/page"}],"author":[{"embeddable":true,"href":"https:\/\/www.nntburnley.org\/ku\/wp-json\/wp\/v2\/users\/1"}],"replies":[{"embeddable":true,"href":"https:\/\/www.nntburnley.org\/ku\/wp-json\/wp\/v2\/comments?post=47"}],"version-history":[{"count":91,"href":"https:\/\/www.nntburnley.org\/ku\/wp-json\/wp\/v2\/pages\/47\/revisions"}],"predecessor-version":[{"id":2941,"href":"https:\/\/www.nntburnley.org\/ku\/wp-json\/wp\/v2\/pages\/47\/revisions\/2941"}],"wp:featuredmedia":[{"embeddable":true,"href":"https:\/\/www.nntburnley.org\/ku\/wp-json\/wp\/v2\/media\/555"}],"wp:attachment":[{"href":"https:\/\/www.nntburnley.org\/ku\/wp-json\/wp\/v2\/media?parent=47"}],"curies":[{"name":"wp","href":"https:\/\/api.w.org\/{rel}","templated":true}]}}