{"id":50,"date":"2021-03-08T15:18:27","date_gmt":"2021-03-08T15:18:27","guid":{"rendered":"https:\/\/www.nntburnley.org\/?page_id=50"},"modified":"2023-09-11T22:47:52","modified_gmt":"2023-09-11T21:47:52","slug":"contact-us","status":"publish","type":"page","link":"https:\/\/www.nntburnley.org\/es\/contact-us\/","title":{"rendered":"Cont\u00e1ctenos"},"content":{"rendered":"<div data-elementor-type=\"wp-page\" data-elementor-id=\"50\" class=\"elementor elementor-50\" data-elementor-post-type=\"page\">\n\t\t\t\t\t\t<section class=\"elementor-section elementor-top-section elementor-element elementor-element-ca9369d elementor-section-boxed elementor-section-height-default elementor-section-height-default\" data-id=\"ca9369d\" data-element_type=\"section\">\n\t\t\t\t\t\t<div class=\"elementor-container elementor-column-gap-default\">\n\t\t\t\t\t<div class=\"elementor-column elementor-col-50 elementor-top-column elementor-element elementor-element-a3d00ca\" data-id=\"a3d00ca\" data-element_type=\"column\">\n\t\t\t<div class=\"elementor-widget-wrap elementor-element-populated\">\n\t\t\t\t\t\t<div class=\"elementor-element elementor-element-1f22bf3 elementor-widget elementor-widget-heading\" data-id=\"1f22bf3\" data-element_type=\"widget\" data-widget_type=\"heading.default\">\n\t\t\t\t<div class=\"elementor-widget-container\">\n\t\t\t\t\t<h2 class=\"elementor-heading-title elementor-size-default\">Ponerse en contacto<\/h2>\t\t\t\t<\/div>\n\t\t\t\t<\/div>\n\t\t\t\t<div class=\"elementor-element elementor-element-c63ebc2 elementor-widget elementor-widget-text-editor\" data-id=\"c63ebc2\" data-element_type=\"widget\" data-widget_type=\"text-editor.default\">\n\t\t\t\t<div class=\"elementor-widget-container\">\n\t\t\t\t\t\t\t\t\t<p><strong>Tel\u00e9fono:<\/strong> 07864 841729<\/p><p><strong>Correo electr\u00f3nico<\/strong>: <a href=\"mailto:info@nntburnley.org\"><b>informaci\u00f3n<\/b><strong style=\"font-size: 16px; font-style: normal;\">@nntburnley.org<\/strong><\/a><\/p><p><strong>Direcci\u00f3n de la oficina<\/strong>: New Neighbors Together Burnley, Northbridge House, Elm St, Burnley, BB10 1PD. <em>Solo por cita,<\/em><\/p><p><strong style=\"font-size: 16px; font-style: normal;\">Horario de oficina:<\/strong><span style=\"font-size: 16px; font-style: normal; font-weight: 400;\">\u00a0Lunes a Viernes 09:00- 17:00.\u00a0<\/span><\/p><p><em style=\"font-size: 16px; font-weight: 400;\">Tenga en cuenta que no operamos un servicio de emergencia fuera del horario de atenci\u00f3n y solo atendemos a personas con citas cara a cara preestablecidas.<\/em><\/p><p><strong><b>\u00bfNecesitas ayuda? <\/b><\/strong>Env\u00edanos un WhatsApp, SMS o email en horario de oficina para concertar una cita. O venga a una de nuestras sesiones sin cita para registrarse con nosotros, no se necesita cita.<\/p>\t\t\t\t\t\t\t\t<\/div>\n\t\t\t\t<\/div>\n\t\t\t\t\t<\/div>\n\t\t<\/div>\n\t\t\t\t<div class=\"elementor-column elementor-col-50 elementor-top-column elementor-element elementor-element-50b9679\" data-id=\"50b9679\" data-element_type=\"column\">\n\t\t\t<div class=\"elementor-widget-wrap elementor-element-populated\">\n\t\t\t\t\t\t<div class=\"elementor-element elementor-element-3b385bc elementor-widget elementor-widget-image\" data-id=\"3b385bc\" data-element_type=\"widget\" data-widget_type=\"image.default\">\n\t\t\t\t<div class=\"elementor-widget-container\">\n\t\t\t\t\t\t\t\t\t\t\t\t\t\t\t<img decoding=\"async\" src=\"https:\/\/www.nntburnley.org\/wp-content\/uploads\/elementor\/thumbs\/Drop-in-guests-and-baby-scaled-pgjwe0bzlfqchdnx2lvafs2ju83u848snqqjjumeuw.jpg\" title=\"Nuestro visitante m\u00e1s joven: tranquilo y contento.\" alt=\"Padres y beb\u00e9 dormido\" loading=\"lazy\" \/>\t\t\t\t\t\t\t\t\t\t\t\t\t\t\t<\/div>\n\t\t\t\t<\/div>\n\t\t\t\t\t<\/div>\n\t\t<\/div>\n\t\t\t\t\t<\/div>\n\t\t<\/section>\n\t\t\t\t<section class=\"elementor-section elementor-top-section elementor-element elementor-element-bf43c3a elementor-section-boxed elementor-section-height-default elementor-section-height-default\" data-id=\"bf43c3a\" data-element_type=\"section\">\n\t\t\t\t\t\t<div class=\"elementor-container elementor-column-gap-default\">\n\t\t\t\t\t<div class=\"elementor-column elementor-col-100 elementor-top-column elementor-element elementor-element-a17100b\" data-id=\"a17100b\" data-element_type=\"column\">\n\t\t\t<div class=\"elementor-widget-wrap elementor-element-populated\">\n\t\t\t\t\t\t<div class=\"elementor-element elementor-element-1a1f638 elementor-widget elementor-widget-heading\" data-id=\"1a1f638\" data-element_type=\"widget\" data-widget_type=\"heading.default\">\n\t\t\t\t<div class=\"elementor-widget-container\">\n\t\t\t\t\t<h2 class=\"elementor-heading-title elementor-size-default\">Sesiones sin cita previa<\/h2>\t\t\t\t<\/div>\n\t\t\t\t<\/div>\n\t\t\t\t\t<\/div>\n\t\t<\/div>\n\t\t\t\t\t<\/div>\n\t\t<\/section>\n\t\t\t\t<section class=\"elementor-section elementor-top-section elementor-element elementor-element-29b51b3 elementor-section-boxed elementor-section-height-default elementor-section-height-default\" data-id=\"29b51b3\" data-element_type=\"section\">\n\t\t\t\t\t\t<div class=\"elementor-container elementor-column-gap-default\">\n\t\t\t\t\t<div class=\"elementor-column elementor-col-100 elementor-top-column elementor-element elementor-element-55cfa70\" data-id=\"55cfa70\" data-element_type=\"column\">\n\t\t\t<div class=\"elementor-widget-wrap elementor-element-populated\">\n\t\t\t\t\t\t<div class=\"elementor-element elementor-element-03badaa elementor-widget elementor-widget-text-editor\" data-id=\"03badaa\" data-element_type=\"widget\" data-widget_type=\"text-editor.default\">\n\t\t\t\t<div class=\"elementor-widget-container\">\n\t\t\t\t\t\t\t\t\t<p><strong>Direcci\u00f3n de entrega:<\/strong> Sal\u00f3n de la iglesia de St John, en Ivy St, Burnley, BB10 1TD<\/p><p><b>\u00bfCuando? <\/b>Martes 09:00 \u2013 15:00 y Jueves 09:00 \u2013 12:30<\/p><p>Cada semana organizamos una amplia gama de actividades para nuestros clientes: venga a disfrutar de una comida caliente, elija entre nuestra selecci\u00f3n de productos donados, participe en clases de conversaci\u00f3n en ingl\u00e9s, descubra las actividades de nuestros ni\u00f1os y haga amigos.<\/p><p><b>Los voluntarios de nuestro mostrador de bienvenida tambi\u00e9n estar\u00e1n disponibles para responder a sus preguntas y brindarle apoyo y consejos pr\u00e1cticos. No se necesita cita.<\/b><\/p><p>\u00a0<\/p>\t\t\t\t\t\t\t\t<\/div>\n\t\t\t\t<\/div>\n\t\t\t\t\t<\/div>\n\t\t<\/div>\n\t\t\t\t\t<\/div>\n\t\t<\/section>\n\t\t\t\t<section class=\"elementor-section elementor-top-section elementor-element elementor-element-8e0a95b elementor-section-boxed elementor-section-height-default elementor-section-height-default\" data-id=\"8e0a95b\" data-element_type=\"section\">\n\t\t\t\t\t\t<div class=\"elementor-container elementor-column-gap-default\">\n\t\t\t\t\t<div class=\"elementor-column elementor-col-100 elementor-top-column elementor-element elementor-element-f829b1f\" data-id=\"f829b1f\" data-element_type=\"column\">\n\t\t\t<div class=\"elementor-widget-wrap elementor-element-populated\">\n\t\t\t\t\t\t<div class=\"elementor-element elementor-element-36f0646 elementor-widget elementor-widget-heading\" data-id=\"36f0646\" data-element_type=\"widget\" data-widget_type=\"heading.default\">\n\t\t\t\t<div class=\"elementor-widget-container\">\n\t\t\t\t\t<h2 class=\"elementor-heading-title elementor-size-default\">Reg\u00edstrese con nosotros<\/h2>\t\t\t\t<\/div>\n\t\t\t\t<\/div>\n\t\t\t\t\t<\/div>\n\t\t<\/div>\n\t\t\t\t\t<\/div>\n\t\t<\/section>\n\t\t\t\t<section class=\"elementor-section elementor-top-section elementor-element elementor-element-263d4ff elementor-section-boxed elementor-section-height-default elementor-section-height-default\" data-id=\"263d4ff\" data-element_type=\"section\">\n\t\t\t\t\t\t<div class=\"elementor-container elementor-column-gap-default\">\n\t\t\t\t\t<div class=\"elementor-column elementor-col-100 elementor-top-column elementor-element elementor-element-29e0647\" data-id=\"29e0647\" data-element_type=\"column\">\n\t\t\t<div class=\"elementor-widget-wrap elementor-element-populated\">\n\t\t\t\t\t\t<div class=\"elementor-element elementor-element-8a82573 elementor-widget elementor-widget-text-editor\" data-id=\"8a82573\" data-element_type=\"widget\" data-widget_type=\"text-editor.default\">\n\t\t\t\t<div class=\"elementor-widget-container\">\n\t\t\t\t\t\t\t\t\t<p><b>Para acceder a la ayuda, deber\u00e1 registrarse con nosotros. <\/b>Todo lo que necesita hacer es venir a una de nuestras sesiones y lo ayudaremos con este proceso simple.<\/p>\n<p>Tenemos dos formularios de consentimiento que deber\u00e1 firmar para que podamos comunicarnos con las autoridades en su nombre (por ejemplo, Migrant Help y Home Office).&nbsp;<span style=\"font-style: inherit; font-weight: inherit; color: var( --e-global-color-text ); font-family: var( --e-global-typography-text-font-family ), Sans-serif;\">Siempre mantendremos sus datos confidenciales y puede solicitar que lo eliminemos de nuestra lista en cualquier momento.<\/span><\/p>\n<p><span style=\"font-style: inherit; color: var( --e-global-color-text ); font-family: var( --e-global-typography-text-font-family ), Sans-serif;\"><b>El apoyo de asesoramiento y defensa est\u00e1 disponible todos los lunes en nuestra oficina de Northbridge House, solo con cita previa.<\/b><\/span><\/p>\t\t\t\t\t\t\t\t<\/div>\n\t\t\t\t<\/div>\n\t\t\t\t\t<\/div>\n\t\t<\/div>\n\t\t\t\t\t<\/div>\n\t\t<\/section>\n\t\t\t\t<\/div>","protected":false},"excerpt":{"rendered":"<p>Get in touch Phone: 07864 841729 Email: info@nntburnley.org Office address: New Neighbours Together Burnley, Northbridge House, Elm St, Burnley, BB10 1PD. By appointment only, Office working hours:\u00a0Monday to Friday 09:00- 17:00.\u00a0 Please note we do not operate an out of hours emergency service and only see people with pre-arranged face to face appointments. Need help? [&hellip;]<\/p>\n","protected":false},"author":1,"featured_media":1703,"parent":0,"menu_order":0,"comment_status":"closed","ping_status":"closed","template":"","meta":{"site-sidebar-layout":"no-sidebar","site-content-layout":"page-builder","ast-site-content-layout":"default","site-content-style":"default","site-sidebar-style":"default","ast-global-header-display":"","ast-banner-title-visibility":"","ast-main-header-display":"","ast-hfb-above-header-display":"","ast-hfb-below-header-display":"","ast-hfb-mobile-header-display":"","site-post-title":"disabled","ast-breadcrumbs-content":"","ast-featured-img":"disabled","footer-sml-layout":"","ast-disable-related-posts":"","theme-transparent-header-meta":"default","adv-header-id-meta":"","stick-header-meta":"","header-above-stick-meta":"","header-main-stick-meta":"","header-below-stick-meta":"","astra-migrate-meta-layouts":"default","ast-page-background-enabled":"default","ast-page-background-meta":{"desktop":{"background-color":"","background-image":"","background-repeat":"repeat","background-position":"center center","background-size":"auto","background-attachment":"scroll","background-type":"","background-media":"","overlay-type":"","overlay-color":"","overlay-opacity":"","overlay-gradient":""},"tablet":{"background-color":"","background-image":"","background-repeat":"repeat","background-position":"center center","background-size":"auto","background-attachment":"scroll","background-type":"","background-media":"","overlay-type":"","overlay-color":"","overlay-opacity":"","overlay-gradient":""},"mobile":{"background-color":"","background-image":"","background-repeat":"repeat","background-position":"center center","background-size":"auto","background-attachment":"scroll","background-type":"","background-media":"","overlay-type":"","overlay-color":"","overlay-opacity":"","overlay-gradient":""}},"ast-content-background-meta":{"desktop":{"background-color":"var(--ast-global-color-5)","background-image":"","background-repeat":"repeat","background-position":"center center","background-size":"auto","background-attachment":"scroll","background-type":"","background-media":"","overlay-type":"","overlay-color":"","overlay-opacity":"","overlay-gradient":""},"tablet":{"background-color":"var(--ast-global-color-5)","background-image":"","background-repeat":"repeat","background-position":"center center","background-size":"auto","background-attachment":"scroll","background-type":"","background-media":"","overlay-type":"","overlay-color":"","overlay-opacity":"","overlay-gradient":""},"mobile":{"background-color":"var(--ast-global-color-5)","background-image":"","background-repeat":"repeat","background-position":"center center","background-size":"auto","background-attachment":"scroll","background-type":"","background-media":"","overlay-type":"","overlay-color":"","overlay-opacity":"","overlay-gradient":""}},"footnotes":""},"class_list":["post-50","page","type-page","status-publish","has-post-thumbnail","hentry"],"yoast_head":"<!-- This site is optimized with the Yoast SEO plugin v27.6 - https:\/\/yoast.com\/product\/yoast-seo-wordpress\/ -->\n<title>Contact us - New Neighbours Together Burnley<\/title>\n<meta name=\"robots\" content=\"index, follow, max-snippet:-1, max-image-preview:large, max-video-preview:-1\" \/>\n<link rel=\"canonical\" href=\"https:\/\/www.nntburnley.org\/es\/contact-us\/\" \/>\n<meta property=\"og:locale\" content=\"es_ES\" \/>\n<meta property=\"og:type\" content=\"article\" \/>\n<meta property=\"og:title\" content=\"Contact us - New Neighbours Together Burnley\" \/>\n<meta property=\"og:description\" content=\"Get in touch Phone: 07864 841729 Email: info@nntburnley.org Office address: New Neighbours Together Burnley, Northbridge House, Elm St, Burnley, BB10 1PD. By appointment only, Office working hours:\u00a0Monday to Friday 09:00- 17:00.\u00a0 Please note we do not operate an out of hours emergency service and only see people with pre-arranged face to face appointments. Need help? [&hellip;]\" \/>\n<meta property=\"og:url\" content=\"https:\/\/www.nntburnley.org\/es\/contact-us\/\" \/>\n<meta property=\"og:site_name\" content=\"New Neighbours Together Burnley\" \/>\n<meta property=\"article:modified_time\" content=\"2023-09-11T21:47:52+00:00\" \/>\n<meta property=\"og:image\" content=\"https:\/\/www.nntburnley.org\/wp-content\/uploads\/2021\/11\/NNT-services-2-scaled.jpg\" \/>\n\t<meta property=\"og:image:width\" content=\"2560\" \/>\n\t<meta property=\"og:image:height\" content=\"1818\" \/>\n\t<meta property=\"og:image:type\" content=\"image\/jpeg\" \/>\n<meta name=\"twitter:card\" content=\"summary_large_image\" \/>\n<meta name=\"twitter:label1\" content=\"Tiempo de lectura\" \/>\n\t<meta name=\"twitter:data1\" content=\"2 minutos\" \/>\n<script type=\"application\/ld+json\" class=\"yoast-schema-graph\">{\"@context\":\"https:\\\/\\\/schema.org\",\"@graph\":[{\"@type\":\"WebPage\",\"@id\":\"https:\\\/\\\/www.nntburnley.org\\\/contact-us\\\/\",\"url\":\"https:\\\/\\\/www.nntburnley.org\\\/contact-us\\\/\",\"name\":\"Contact us - New Neighbours Together Burnley\",\"isPartOf\":{\"@id\":\"https:\\\/\\\/www.nntburnley.org\\\/#website\"},\"primaryImageOfPage\":{\"@id\":\"https:\\\/\\\/www.nntburnley.org\\\/contact-us\\\/#primaryimage\"},\"image\":{\"@id\":\"https:\\\/\\\/www.nntburnley.org\\\/contact-us\\\/#primaryimage\"},\"thumbnailUrl\":\"https:\\\/\\\/www.nntburnley.org\\\/wp-content\\\/uploads\\\/2021\\\/11\\\/NNT-services-2-scaled.jpg\",\"datePublished\":\"2021-03-08T15:18:27+00:00\",\"dateModified\":\"2023-09-11T21:47:52+00:00\",\"breadcrumb\":{\"@id\":\"https:\\\/\\\/www.nntburnley.org\\\/contact-us\\\/#breadcrumb\"},\"inLanguage\":\"es\",\"potentialAction\":[{\"@type\":\"ReadAction\",\"target\":[\"https:\\\/\\\/www.nntburnley.org\\\/contact-us\\\/\"]}]},{\"@type\":\"ImageObject\",\"inLanguage\":\"es\",\"@id\":\"https:\\\/\\\/www.nntburnley.org\\\/contact-us\\\/#primaryimage\",\"url\":\"https:\\\/\\\/www.nntburnley.org\\\/wp-content\\\/uploads\\\/2021\\\/11\\\/NNT-services-2-scaled.jpg\",\"contentUrl\":\"https:\\\/\\\/www.nntburnley.org\\\/wp-content\\\/uploads\\\/2021\\\/11\\\/NNT-services-2-scaled.jpg\",\"width\":2560,\"height\":1818,\"caption\":\"NNT services\"},{\"@type\":\"BreadcrumbList\",\"@id\":\"https:\\\/\\\/www.nntburnley.org\\\/contact-us\\\/#breadcrumb\",\"itemListElement\":[{\"@type\":\"ListItem\",\"position\":1,\"name\":\"Home\",\"item\":\"https:\\\/\\\/www.nntburnley.org\\\/\"},{\"@type\":\"ListItem\",\"position\":2,\"name\":\"Contact us\"}]},{\"@type\":\"WebSite\",\"@id\":\"https:\\\/\\\/www.nntburnley.org\\\/#website\",\"url\":\"https:\\\/\\\/www.nntburnley.org\\\/\",\"name\":\"New Neighbours Together Burnley\",\"description\":\"helping asylum seekers and refugees in Burnley\",\"publisher\":{\"@id\":\"https:\\\/\\\/www.nntburnley.org\\\/#organization\"},\"potentialAction\":[{\"@type\":\"SearchAction\",\"target\":{\"@type\":\"EntryPoint\",\"urlTemplate\":\"https:\\\/\\\/www.nntburnley.org\\\/?s={search_term_string}\"},\"query-input\":{\"@type\":\"PropertyValueSpecification\",\"valueRequired\":true,\"valueName\":\"search_term_string\"}}],\"inLanguage\":\"es\"},{\"@type\":\"Organization\",\"@id\":\"https:\\\/\\\/www.nntburnley.org\\\/#organization\",\"name\":\"New Neighbours Together Burnley\",\"url\":\"https:\\\/\\\/www.nntburnley.org\\\/\",\"logo\":{\"@type\":\"ImageObject\",\"inLanguage\":\"es\",\"@id\":\"https:\\\/\\\/www.nntburnley.org\\\/#\\\/schema\\\/logo\\\/image\\\/\",\"url\":\"https:\\\/\\\/www.nntburnley.org\\\/wp-content\\\/uploads\\\/2024\\\/06\\\/Chosen-Logo2.png\",\"contentUrl\":\"https:\\\/\\\/www.nntburnley.org\\\/wp-content\\\/uploads\\\/2024\\\/06\\\/Chosen-Logo2.png\",\"width\":1072,\"height\":1256,\"caption\":\"New Neighbours Together Burnley\"},\"image\":{\"@id\":\"https:\\\/\\\/www.nntburnley.org\\\/#\\\/schema\\\/logo\\\/image\\\/\"}}]}<\/script>\n<!-- \/ Yoast SEO plugin. -->","yoast_head_json":{"title":"Cont\u00e1ctenos - Nuevos Vecinos Juntos Burnley","robots":{"index":"index","follow":"follow","max-snippet":"max-snippet:-1","max-image-preview":"max-image-preview:large","max-video-preview":"max-video-preview:-1"},"canonical":"https:\/\/www.nntburnley.org\/es\/contact-us\/","og_locale":"es_ES","og_type":"article","og_title":"Contact us - New Neighbours Together Burnley","og_description":"Get in touch Phone: 07864 841729 Email: info@nntburnley.org Office address: New Neighbours Together Burnley, Northbridge House, Elm St, Burnley, BB10 1PD. By appointment only, Office working hours:\u00a0Monday to Friday 09:00- 17:00.\u00a0 Please note we do not operate an out of hours emergency service and only see people with pre-arranged face to face appointments. Need help? [&hellip;]","og_url":"https:\/\/www.nntburnley.org\/es\/contact-us\/","og_site_name":"New Neighbours Together Burnley","article_modified_time":"2023-09-11T21:47:52+00:00","og_image":[{"width":2560,"height":1818,"url":"https:\/\/www.nntburnley.org\/wp-content\/uploads\/2021\/11\/NNT-services-2-scaled.jpg","type":"image\/jpeg"}],"twitter_card":"summary_large_image","twitter_misc":{"Tiempo de lectura":"2 minutos"},"schema":{"@context":"https:\/\/schema.org","@graph":[{"@type":"WebPage","@id":"https:\/\/www.nntburnley.org\/contact-us\/","url":"https:\/\/www.nntburnley.org\/contact-us\/","name":"Cont\u00e1ctenos - Nuevos Vecinos Juntos Burnley","isPartOf":{"@id":"https:\/\/www.nntburnley.org\/#website"},"primaryImageOfPage":{"@id":"https:\/\/www.nntburnley.org\/contact-us\/#primaryimage"},"image":{"@id":"https:\/\/www.nntburnley.org\/contact-us\/#primaryimage"},"thumbnailUrl":"https:\/\/www.nntburnley.org\/wp-content\/uploads\/2021\/11\/NNT-services-2-scaled.jpg","datePublished":"2021-03-08T15:18:27+00:00","dateModified":"2023-09-11T21:47:52+00:00","breadcrumb":{"@id":"https:\/\/www.nntburnley.org\/contact-us\/#breadcrumb"},"inLanguage":"es","potentialAction":[{"@type":"ReadAction","target":["https:\/\/www.nntburnley.org\/contact-us\/"]}]},{"@type":"ImageObject","inLanguage":"es","@id":"https:\/\/www.nntburnley.org\/contact-us\/#primaryimage","url":"https:\/\/www.nntburnley.org\/wp-content\/uploads\/2021\/11\/NNT-services-2-scaled.jpg","contentUrl":"https:\/\/www.nntburnley.org\/wp-content\/uploads\/2021\/11\/NNT-services-2-scaled.jpg","width":2560,"height":1818,"caption":"NNT services"},{"@type":"BreadcrumbList","@id":"https:\/\/www.nntburnley.org\/contact-us\/#breadcrumb","itemListElement":[{"@type":"ListItem","position":1,"name":"Home","item":"https:\/\/www.nntburnley.org\/"},{"@type":"ListItem","position":2,"name":"Contact us"}]},{"@type":"WebSite","@id":"https:\/\/www.nntburnley.org\/#website","url":"https:\/\/www.nntburnley.org\/","name":"Nuevos vecinos juntos Burnley","description":"ayudar a los solicitantes de asilo y refugiados en Burnley","publisher":{"@id":"https:\/\/www.nntburnley.org\/#organization"},"potentialAction":[{"@type":"SearchAction","target":{"@type":"EntryPoint","urlTemplate":"https:\/\/www.nntburnley.org\/?s={search_term_string}"},"query-input":{"@type":"PropertyValueSpecification","valueRequired":true,"valueName":"search_term_string"}}],"inLanguage":"es"},{"@type":"Organization","@id":"https:\/\/www.nntburnley.org\/#organization","name":"Nuevos vecinos juntos Burnley","url":"https:\/\/www.nntburnley.org\/","logo":{"@type":"ImageObject","inLanguage":"es","@id":"https:\/\/www.nntburnley.org\/#\/schema\/logo\/image\/","url":"https:\/\/www.nntburnley.org\/wp-content\/uploads\/2024\/06\/Chosen-Logo2.png","contentUrl":"https:\/\/www.nntburnley.org\/wp-content\/uploads\/2024\/06\/Chosen-Logo2.png","width":1072,"height":1256,"caption":"New Neighbours Together Burnley"},"image":{"@id":"https:\/\/www.nntburnley.org\/#\/schema\/logo\/image\/"}}]}},"_links":{"self":[{"href":"https:\/\/www.nntburnley.org\/es\/wp-json\/wp\/v2\/pages\/50","targetHints":{"allow":["GET"]}}],"collection":[{"href":"https:\/\/www.nntburnley.org\/es\/wp-json\/wp\/v2\/pages"}],"about":[{"href":"https:\/\/www.nntburnley.org\/es\/wp-json\/wp\/v2\/types\/page"}],"author":[{"embeddable":true,"href":"https:\/\/www.nntburnley.org\/es\/wp-json\/wp\/v2\/users\/1"}],"replies":[{"embeddable":true,"href":"https:\/\/www.nntburnley.org\/es\/wp-json\/wp\/v2\/comments?post=50"}],"version-history":[{"count":61,"href":"https:\/\/www.nntburnley.org\/es\/wp-json\/wp\/v2\/pages\/50\/revisions"}],"predecessor-version":[{"id":2643,"href":"https:\/\/www.nntburnley.org\/es\/wp-json\/wp\/v2\/pages\/50\/revisions\/2643"}],"wp:featuredmedia":[{"embeddable":true,"href":"https:\/\/www.nntburnley.org\/es\/wp-json\/wp\/v2\/media\/1703"}],"wp:attachment":[{"href":"https:\/\/www.nntburnley.org\/es\/wp-json\/wp\/v2\/media?parent=50"}],"curies":[{"name":"gracias","href":"https:\/\/api.w.org\/{rel}","templated":true}]}}