{"id":44,"date":"2021-03-08T15:17:29","date_gmt":"2021-03-08T15:17:29","guid":{"rendered":"https:\/\/www.nntburnley.org\/?page_id=44"},"modified":"2024-01-22T08:53:56","modified_gmt":"2024-01-22T08:53:56","slug":"get-involved","status":"publish","type":"page","link":"https:\/\/www.nntburnley.org\/es\/get-involved\/","title":{"rendered":"Involucrarse"},"content":{"rendered":"<div data-elementor-type=\"wp-page\" data-elementor-id=\"44\" class=\"elementor elementor-44\" data-elementor-post-type=\"page\">\n\t\t\t\t\t\t<section class=\"elementor-section elementor-top-section elementor-element elementor-element-431c26a elementor-section-boxed elementor-section-height-default elementor-section-height-default\" data-id=\"431c26a\" data-element_type=\"section\">\n\t\t\t\t\t\t<div class=\"elementor-container elementor-column-gap-default\">\n\t\t\t\t\t<div class=\"elementor-column elementor-col-50 elementor-top-column elementor-element elementor-element-608e7f9\" data-id=\"608e7f9\" data-element_type=\"column\">\n\t\t\t<div class=\"elementor-widget-wrap elementor-element-populated\">\n\t\t\t\t\t\t<div class=\"elementor-element elementor-element-c861456 elementor-widget elementor-widget-heading\" data-id=\"c861456\" data-element_type=\"widget\" data-widget_type=\"heading.default\">\n\t\t\t\t<div class=\"elementor-widget-container\">\n\t\t\t\t\t<h2 class=\"elementor-heading-title elementor-size-default\">\u00bfTienes algo de tiempo libre?\n<\/h2>\t\t\t\t<\/div>\n\t\t\t\t<\/div>\n\t\t\t\t<div class=\"elementor-element elementor-element-5d854ec elementor-widget elementor-widget-text-editor\" data-id=\"5d854ec\" data-element_type=\"widget\" data-widget_type=\"text-editor.default\">\n\t\t\t\t<div class=\"elementor-widget-container\">\n\t\t\t\t\t\t\t\t\t<p>Siempre estamos buscando m\u00e1s voluntarios. <b>Necesitamos personas especialmente para ayudar en nuestro equipo de asesoramiento y defensa: como parte de este equipo, ayudar\u00e1 a nuestros clientes a procesar sus solicitudes de asilo y navegar por la complejidad del sistema del Reino Unido para obtener acceso a servicios esenciales como atenci\u00f3n m\u00e9dica y educaci\u00f3n.\u00a0<\/b><\/p><p>Estas son algunas de las otras formas en que podr\u00eda ayudarnos:<\/p>\t\t\t\t\t\t\t\t<\/div>\n\t\t\t\t<\/div>\n\t\t\t\t<div class=\"elementor-element elementor-element-6d4a63f elementor-icon-list--layout-traditional elementor-list-item-link-full_width elementor-widget elementor-widget-icon-list\" data-id=\"6d4a63f\" data-element_type=\"widget\" data-widget_type=\"icon-list.default\">\n\t\t\t\t<div class=\"elementor-widget-container\">\n\t\t\t\t\t\t\t<ul class=\"elementor-icon-list-items\">\n\t\t\t\t\t\t\t<li class=\"elementor-icon-list-item\">\n\t\t\t\t\t\t\t\t\t\t\t<span class=\"elementor-icon-list-icon\">\n\t\t\t\t\t\t\t<i aria-hidden=\"true\" class=\"fas fa-check\"><\/i>\t\t\t\t\t\t<\/span>\n\t\t\t\t\t\t\t\t\t\t<span class=\"elementor-icon-list-text\">hacerse amigo de los solicitantes de asilo y refugiados locales<\/span>\n\t\t\t\t\t\t\t\t\t<\/li>\n\t\t\t\t\t\t\t\t<li class=\"elementor-icon-list-item\">\n\t\t\t\t\t\t\t\t\t\t\t<span class=\"elementor-icon-list-icon\">\n\t\t\t\t\t\t\t<i aria-hidden=\"true\" class=\"fas fa-check\"><\/i>\t\t\t\t\t\t<\/span>\n\t\t\t\t\t\t\t\t\t\t<span class=\"elementor-icon-list-text\">clases de ingles conversacional<\/span>\n\t\t\t\t\t\t\t\t\t<\/li>\n\t\t\t\t\t\t\t\t<li class=\"elementor-icon-list-item\">\n\t\t\t\t\t\t\t\t\t\t\t<a href=\"https:\/\/www.nntburnley.org\/es\/donate\/\">\n\n\t\t\t\t\t\t\t\t\t\t\t\t<span class=\"elementor-icon-list-icon\">\n\t\t\t\t\t\t\t<i aria-hidden=\"true\" class=\"fas fa-check\"><\/i>\t\t\t\t\t\t<\/span>\n\t\t\t\t\t\t\t\t\t\t<span class=\"elementor-icon-list-text\">recolectar y clasificar los art\u00edculos donados (tenemos pautas, consulte nuestro <u>P\u00e1gina de donaciones<\/u>)<\/span>\n\t\t\t\t\t\t\t\t\t\t\t<\/a>\n\t\t\t\t\t\t\t\t\t<\/li>\n\t\t\t\t\t\t\t\t<li class=\"elementor-icon-list-item\">\n\t\t\t\t\t\t\t\t\t\t\t<span class=\"elementor-icon-list-icon\">\n\t\t\t\t\t\t\t<i aria-hidden=\"true\" class=\"fas fa-check\"><\/i>\t\t\t\t\t\t<\/span>\n\t\t\t\t\t\t\t\t\t\t<span class=\"elementor-icon-list-text\">ayudar en las sesiones sin cita; esto podr\u00eda ser preparar refrigerios o ayudar con las actividades de los ni\u00f1os<\/span>\n\t\t\t\t\t\t\t\t\t<\/li>\n\t\t\t\t\t\t\t\t<li class=\"elementor-icon-list-item\">\n\t\t\t\t\t\t\t\t\t\t\t<span class=\"elementor-icon-list-icon\">\n\t\t\t\t\t\t\t<i aria-hidden=\"true\" class=\"fas fa-check\"><\/i>\t\t\t\t\t\t<\/span>\n\t\t\t\t\t\t\t\t\t\t<span class=\"elementor-icon-list-text\">apoyando nuestra agenda de comunicaciones y administrando nuestras cuentas de redes sociales<\/span>\n\t\t\t\t\t\t\t\t\t<\/li>\n\t\t\t\t\t\t\t\t<li class=\"elementor-icon-list-item\">\n\t\t\t\t\t\t\t\t\t\t\t<span class=\"elementor-icon-list-icon\">\n\t\t\t\t\t\t\t<i aria-hidden=\"true\" class=\"fas fa-check\"><\/i>\t\t\t\t\t\t<\/span>\n\t\t\t\t\t\t\t\t\t\t<span class=\"elementor-icon-list-text\">apoyo administrativo y secretarial<\/span>\n\t\t\t\t\t\t\t\t\t<\/li>\n\t\t\t\t\t\t<\/ul>\n\t\t\t\t\t\t<\/div>\n\t\t\t\t<\/div>\n\t\t\t\t\t<\/div>\n\t\t<\/div>\n\t\t\t\t<div class=\"elementor-column elementor-col-50 elementor-top-column elementor-element elementor-element-ce51194\" data-id=\"ce51194\" data-element_type=\"column\">\n\t\t\t<div class=\"elementor-widget-wrap elementor-element-populated\">\n\t\t\t\t\t\t<div class=\"elementor-element elementor-element-e759700 elementor-widget elementor-widget-image\" data-id=\"e759700\" data-element_type=\"widget\" data-widget_type=\"image.default\">\n\t\t\t\t<div class=\"elementor-widget-container\">\n\t\t\t\t\t\t\t\t\t\t\t\t\t\t\t<img decoding=\"async\" src=\"https:\/\/www.nntburnley.org\/wp-content\/uploads\/elementor\/thumbs\/Easter-8-pnb9znhcuepfnnxtkma7q8i42eowtkf8k4l9jxqlyw.jpg\" title=\"Laila, la reina de la pintura facial\" alt=\"Laila - reina de la pintura facial\" loading=\"lazy\" \/>\t\t\t\t\t\t\t\t\t\t\t\t\t\t\t<\/div>\n\t\t\t\t<\/div>\n\t\t\t\t\t<\/div>\n\t\t<\/div>\n\t\t\t\t\t<\/div>\n\t\t<\/section>\n\t\t\t\t<section class=\"elementor-section elementor-top-section elementor-element elementor-element-ce0943b elementor-section-boxed elementor-section-height-default elementor-section-height-default\" data-id=\"ce0943b\" data-element_type=\"section\">\n\t\t\t\t\t\t<div class=\"elementor-container elementor-column-gap-default\">\n\t\t\t\t\t<div class=\"elementor-column elementor-col-100 elementor-top-column elementor-element elementor-element-1c0e1ec\" data-id=\"1c0e1ec\" data-element_type=\"column\">\n\t\t\t<div class=\"elementor-widget-wrap elementor-element-populated\">\n\t\t\t\t\t\t<div class=\"elementor-element elementor-element-09eaf85 elementor-widget elementor-widget-text-editor\" data-id=\"09eaf85\" data-element_type=\"widget\" data-widget_type=\"text-editor.default\">\n\t\t\t\t<div class=\"elementor-widget-container\">\n\t\t\t\t\t\t\t\t\t<p>P\u00f3ngase en contacto si desea participar:\u00a0<b>info@<\/b><strong>nntburnley.org<\/strong>\u00a0\/ <strong>07864 841729<\/strong><\/p>\t\t\t\t\t\t\t\t<\/div>\n\t\t\t\t<\/div>\n\t\t\t\t\t<\/div>\n\t\t<\/div>\n\t\t\t\t\t<\/div>\n\t\t<\/section>\n\t\t\t\t<\/div>","protected":false},"excerpt":{"rendered":"<p>Have you got some spare time? We are always on the look out for more volunteers. We especially need people to help in our advice &amp; advocacy team &#8211; as part of this team you will help our clients process their asylum claims and navigate the complexity of the UK system gaining access to essential [&hellip;]<\/p>\n","protected":false},"author":1,"featured_media":2308,"parent":0,"menu_order":0,"comment_status":"closed","ping_status":"closed","template":"","meta":{"site-sidebar-layout":"no-sidebar","site-content-layout":"page-builder","ast-site-content-layout":"default","site-content-style":"default","site-sidebar-style":"default","ast-global-header-display":"","ast-banner-title-visibility":"","ast-main-header-display":"","ast-hfb-above-header-display":"","ast-hfb-below-header-display":"","ast-hfb-mobile-header-display":"","site-post-title":"disabled","ast-breadcrumbs-content":"","ast-featured-img":"disabled","footer-sml-layout":"","ast-disable-related-posts":"","theme-transparent-header-meta":"default","adv-header-id-meta":"","stick-header-meta":"","header-above-stick-meta":"","header-main-stick-meta":"","header-below-stick-meta":"","astra-migrate-meta-layouts":"default","ast-page-background-enabled":"default","ast-page-background-meta":{"desktop":{"background-color":"","background-image":"","background-repeat":"repeat","background-position":"center center","background-size":"auto","background-attachment":"scroll","background-type":"","background-media":"","overlay-type":"","overlay-color":"","overlay-opacity":"","overlay-gradient":""},"tablet":{"background-color":"","background-image":"","background-repeat":"repeat","background-position":"center center","background-size":"auto","background-attachment":"scroll","background-type":"","background-media":"","overlay-type":"","overlay-color":"","overlay-opacity":"","overlay-gradient":""},"mobile":{"background-color":"","background-image":"","background-repeat":"repeat","background-position":"center center","background-size":"auto","background-attachment":"scroll","background-type":"","background-media":"","overlay-type":"","overlay-color":"","overlay-opacity":"","overlay-gradient":""}},"ast-content-background-meta":{"desktop":{"background-color":"var(--ast-global-color-5)","background-image":"","background-repeat":"repeat","background-position":"center center","background-size":"auto","background-attachment":"scroll","background-type":"","background-media":"","overlay-type":"","overlay-color":"","overlay-opacity":"","overlay-gradient":""},"tablet":{"background-color":"var(--ast-global-color-5)","background-image":"","background-repeat":"repeat","background-position":"center center","background-size":"auto","background-attachment":"scroll","background-type":"","background-media":"","overlay-type":"","overlay-color":"","overlay-opacity":"","overlay-gradient":""},"mobile":{"background-color":"var(--ast-global-color-5)","background-image":"","background-repeat":"repeat","background-position":"center center","background-size":"auto","background-attachment":"scroll","background-type":"","background-media":"","overlay-type":"","overlay-color":"","overlay-opacity":"","overlay-gradient":""}},"footnotes":""},"class_list":["post-44","page","type-page","status-publish","has-post-thumbnail","hentry"],"yoast_head":"<!-- This site is optimized with the Yoast SEO plugin v27.6 - https:\/\/yoast.com\/product\/yoast-seo-wordpress\/ -->\n<title>Get involved - New Neighbours Together Burnley<\/title>\n<meta name=\"robots\" content=\"index, follow, max-snippet:-1, max-image-preview:large, max-video-preview:-1\" \/>\n<link rel=\"canonical\" href=\"https:\/\/www.nntburnley.org\/es\/get-involved\/\" \/>\n<meta property=\"og:locale\" content=\"es_ES\" \/>\n<meta property=\"og:type\" content=\"article\" \/>\n<meta property=\"og:title\" content=\"Get involved - New Neighbours Together Burnley\" \/>\n<meta property=\"og:description\" content=\"Have you got some spare time? We are always on the look out for more volunteers. We especially need people to help in our advice &amp; advocacy team &#8211; as part of this team you will help our clients process their asylum claims and navigate the complexity of the UK system gaining access to essential [&hellip;]\" \/>\n<meta property=\"og:url\" content=\"https:\/\/www.nntburnley.org\/es\/get-involved\/\" \/>\n<meta property=\"og:site_name\" content=\"New Neighbours Together Burnley\" \/>\n<meta property=\"article:modified_time\" content=\"2024-01-22T08:53:56+00:00\" \/>\n<meta property=\"og:image\" content=\"https:\/\/www.nntburnley.org\/wp-content\/uploads\/2022\/05\/36.jpg\" \/>\n\t<meta property=\"og:image:width\" content=\"1920\" \/>\n\t<meta property=\"og:image:height\" content=\"1280\" \/>\n\t<meta property=\"og:image:type\" content=\"image\/jpeg\" \/>\n<meta name=\"twitter:card\" content=\"summary_large_image\" \/>\n<meta name=\"twitter:label1\" content=\"Tiempo de lectura\" \/>\n\t<meta name=\"twitter:data1\" content=\"1 minuto\" \/>\n<script type=\"application\/ld+json\" class=\"yoast-schema-graph\">{\"@context\":\"https:\\\/\\\/schema.org\",\"@graph\":[{\"@type\":\"WebPage\",\"@id\":\"https:\\\/\\\/www.nntburnley.org\\\/get-involved\\\/\",\"url\":\"https:\\\/\\\/www.nntburnley.org\\\/get-involved\\\/\",\"name\":\"Get involved - New Neighbours Together Burnley\",\"isPartOf\":{\"@id\":\"https:\\\/\\\/www.nntburnley.org\\\/#website\"},\"primaryImageOfPage\":{\"@id\":\"https:\\\/\\\/www.nntburnley.org\\\/get-involved\\\/#primaryimage\"},\"image\":{\"@id\":\"https:\\\/\\\/www.nntburnley.org\\\/get-involved\\\/#primaryimage\"},\"thumbnailUrl\":\"https:\\\/\\\/www.nntburnley.org\\\/wp-content\\\/uploads\\\/2022\\\/05\\\/36.jpg\",\"datePublished\":\"2021-03-08T15:17:29+00:00\",\"dateModified\":\"2024-01-22T08:53:56+00:00\",\"breadcrumb\":{\"@id\":\"https:\\\/\\\/www.nntburnley.org\\\/get-involved\\\/#breadcrumb\"},\"inLanguage\":\"es\",\"potentialAction\":[{\"@type\":\"ReadAction\",\"target\":[\"https:\\\/\\\/www.nntburnley.org\\\/get-involved\\\/\"]}]},{\"@type\":\"ImageObject\",\"inLanguage\":\"es\",\"@id\":\"https:\\\/\\\/www.nntburnley.org\\\/get-involved\\\/#primaryimage\",\"url\":\"https:\\\/\\\/www.nntburnley.org\\\/wp-content\\\/uploads\\\/2022\\\/05\\\/36.jpg\",\"contentUrl\":\"https:\\\/\\\/www.nntburnley.org\\\/wp-content\\\/uploads\\\/2022\\\/05\\\/36.jpg\",\"width\":1920,\"height\":1280},{\"@type\":\"BreadcrumbList\",\"@id\":\"https:\\\/\\\/www.nntburnley.org\\\/get-involved\\\/#breadcrumb\",\"itemListElement\":[{\"@type\":\"ListItem\",\"position\":1,\"name\":\"Home\",\"item\":\"https:\\\/\\\/www.nntburnley.org\\\/\"},{\"@type\":\"ListItem\",\"position\":2,\"name\":\"Get involved\"}]},{\"@type\":\"WebSite\",\"@id\":\"https:\\\/\\\/www.nntburnley.org\\\/#website\",\"url\":\"https:\\\/\\\/www.nntburnley.org\\\/\",\"name\":\"New Neighbours Together Burnley\",\"description\":\"helping asylum seekers and refugees in Burnley\",\"publisher\":{\"@id\":\"https:\\\/\\\/www.nntburnley.org\\\/#organization\"},\"potentialAction\":[{\"@type\":\"SearchAction\",\"target\":{\"@type\":\"EntryPoint\",\"urlTemplate\":\"https:\\\/\\\/www.nntburnley.org\\\/?s={search_term_string}\"},\"query-input\":{\"@type\":\"PropertyValueSpecification\",\"valueRequired\":true,\"valueName\":\"search_term_string\"}}],\"inLanguage\":\"es\"},{\"@type\":\"Organization\",\"@id\":\"https:\\\/\\\/www.nntburnley.org\\\/#organization\",\"name\":\"New Neighbours Together Burnley\",\"url\":\"https:\\\/\\\/www.nntburnley.org\\\/\",\"logo\":{\"@type\":\"ImageObject\",\"inLanguage\":\"es\",\"@id\":\"https:\\\/\\\/www.nntburnley.org\\\/#\\\/schema\\\/logo\\\/image\\\/\",\"url\":\"https:\\\/\\\/www.nntburnley.org\\\/wp-content\\\/uploads\\\/2024\\\/06\\\/Chosen-Logo2.png\",\"contentUrl\":\"https:\\\/\\\/www.nntburnley.org\\\/wp-content\\\/uploads\\\/2024\\\/06\\\/Chosen-Logo2.png\",\"width\":1072,\"height\":1256,\"caption\":\"New Neighbours Together Burnley\"},\"image\":{\"@id\":\"https:\\\/\\\/www.nntburnley.org\\\/#\\\/schema\\\/logo\\\/image\\\/\"}}]}<\/script>\n<!-- \/ Yoast SEO plugin. -->","yoast_head_json":{"title":"Participe - Nuevos Vecinos Juntos Burnley","robots":{"index":"index","follow":"follow","max-snippet":"max-snippet:-1","max-image-preview":"max-image-preview:large","max-video-preview":"max-video-preview:-1"},"canonical":"https:\/\/www.nntburnley.org\/es\/get-involved\/","og_locale":"es_ES","og_type":"article","og_title":"Get involved - New Neighbours Together Burnley","og_description":"Have you got some spare time? We are always on the look out for more volunteers. We especially need people to help in our advice &amp; advocacy team &#8211; as part of this team you will help our clients process their asylum claims and navigate the complexity of the UK system gaining access to essential [&hellip;]","og_url":"https:\/\/www.nntburnley.org\/es\/get-involved\/","og_site_name":"New Neighbours Together Burnley","article_modified_time":"2024-01-22T08:53:56+00:00","og_image":[{"width":1920,"height":1280,"url":"https:\/\/www.nntburnley.org\/wp-content\/uploads\/2022\/05\/36.jpg","type":"image\/jpeg"}],"twitter_card":"summary_large_image","twitter_misc":{"Tiempo de lectura":"1 minuto"},"schema":{"@context":"https:\/\/schema.org","@graph":[{"@type":"WebPage","@id":"https:\/\/www.nntburnley.org\/get-involved\/","url":"https:\/\/www.nntburnley.org\/get-involved\/","name":"Participe - Nuevos Vecinos Juntos Burnley","isPartOf":{"@id":"https:\/\/www.nntburnley.org\/#website"},"primaryImageOfPage":{"@id":"https:\/\/www.nntburnley.org\/get-involved\/#primaryimage"},"image":{"@id":"https:\/\/www.nntburnley.org\/get-involved\/#primaryimage"},"thumbnailUrl":"https:\/\/www.nntburnley.org\/wp-content\/uploads\/2022\/05\/36.jpg","datePublished":"2021-03-08T15:17:29+00:00","dateModified":"2024-01-22T08:53:56+00:00","breadcrumb":{"@id":"https:\/\/www.nntburnley.org\/get-involved\/#breadcrumb"},"inLanguage":"es","potentialAction":[{"@type":"ReadAction","target":["https:\/\/www.nntburnley.org\/get-involved\/"]}]},{"@type":"ImageObject","inLanguage":"es","@id":"https:\/\/www.nntburnley.org\/get-involved\/#primaryimage","url":"https:\/\/www.nntburnley.org\/wp-content\/uploads\/2022\/05\/36.jpg","contentUrl":"https:\/\/www.nntburnley.org\/wp-content\/uploads\/2022\/05\/36.jpg","width":1920,"height":1280},{"@type":"BreadcrumbList","@id":"https:\/\/www.nntburnley.org\/get-involved\/#breadcrumb","itemListElement":[{"@type":"ListItem","position":1,"name":"Home","item":"https:\/\/www.nntburnley.org\/"},{"@type":"ListItem","position":2,"name":"Get involved"}]},{"@type":"WebSite","@id":"https:\/\/www.nntburnley.org\/#website","url":"https:\/\/www.nntburnley.org\/","name":"Nuevos vecinos juntos Burnley","description":"ayudar a los solicitantes de asilo y refugiados en Burnley","publisher":{"@id":"https:\/\/www.nntburnley.org\/#organization"},"potentialAction":[{"@type":"SearchAction","target":{"@type":"EntryPoint","urlTemplate":"https:\/\/www.nntburnley.org\/?s={search_term_string}"},"query-input":{"@type":"PropertyValueSpecification","valueRequired":true,"valueName":"search_term_string"}}],"inLanguage":"es"},{"@type":"Organization","@id":"https:\/\/www.nntburnley.org\/#organization","name":"Nuevos vecinos juntos Burnley","url":"https:\/\/www.nntburnley.org\/","logo":{"@type":"ImageObject","inLanguage":"es","@id":"https:\/\/www.nntburnley.org\/#\/schema\/logo\/image\/","url":"https:\/\/www.nntburnley.org\/wp-content\/uploads\/2024\/06\/Chosen-Logo2.png","contentUrl":"https:\/\/www.nntburnley.org\/wp-content\/uploads\/2024\/06\/Chosen-Logo2.png","width":1072,"height":1256,"caption":"New Neighbours Together Burnley"},"image":{"@id":"https:\/\/www.nntburnley.org\/#\/schema\/logo\/image\/"}}]}},"_links":{"self":[{"href":"https:\/\/www.nntburnley.org\/es\/wp-json\/wp\/v2\/pages\/44","targetHints":{"allow":["GET"]}}],"collection":[{"href":"https:\/\/www.nntburnley.org\/es\/wp-json\/wp\/v2\/pages"}],"about":[{"href":"https:\/\/www.nntburnley.org\/es\/wp-json\/wp\/v2\/types\/page"}],"author":[{"embeddable":true,"href":"https:\/\/www.nntburnley.org\/es\/wp-json\/wp\/v2\/users\/1"}],"replies":[{"embeddable":true,"href":"https:\/\/www.nntburnley.org\/es\/wp-json\/wp\/v2\/comments?post=44"}],"version-history":[{"count":75,"href":"https:\/\/www.nntburnley.org\/es\/wp-json\/wp\/v2\/pages\/44\/revisions"}],"predecessor-version":[{"id":2672,"href":"https:\/\/www.nntburnley.org\/es\/wp-json\/wp\/v2\/pages\/44\/revisions\/2672"}],"wp:featuredmedia":[{"embeddable":true,"href":"https:\/\/www.nntburnley.org\/es\/wp-json\/wp\/v2\/media\/2308"}],"wp:attachment":[{"href":"https:\/\/www.nntburnley.org\/es\/wp-json\/wp\/v2\/media?parent=44"}],"curies":[{"name":"gracias","href":"https:\/\/api.w.org\/{rel}","templated":true}]}}