{"id":41,"date":"2021-03-08T15:17:12","date_gmt":"2021-03-08T15:17:12","guid":{"rendered":"https:\/\/www.nntburnley.org\/?page_id=41"},"modified":"2024-08-22T16:44:02","modified_gmt":"2024-08-22T15:44:02","slug":"about-us","status":"publish","type":"page","link":"https:\/\/www.nntburnley.org\/es\/about-us\/","title":{"rendered":"Sobre nosotros"},"content":{"rendered":"<div data-elementor-type=\"wp-page\" data-elementor-id=\"41\" class=\"elementor elementor-41\" data-elementor-post-type=\"page\">\n\t\t\t\t\t\t<section class=\"elementor-section elementor-top-section elementor-element elementor-element-43e0d3a elementor-section-boxed elementor-section-height-default elementor-section-height-default\" data-id=\"43e0d3a\" data-element_type=\"section\">\n\t\t\t\t\t\t<div class=\"elementor-container elementor-column-gap-default\">\n\t\t\t\t\t<div class=\"elementor-column elementor-col-50 elementor-top-column elementor-element elementor-element-2642142\" data-id=\"2642142\" data-element_type=\"column\">\n\t\t\t<div class=\"elementor-widget-wrap elementor-element-populated\">\n\t\t\t\t\t\t<div class=\"elementor-element elementor-element-dd95408 elementor-widget elementor-widget-text-editor\" data-id=\"dd95408\" data-element_type=\"widget\" data-widget_type=\"text-editor.default\">\n\t\t\t\t<div class=\"elementor-widget-container\">\n\t\t\t\t\t\t\t\t\t<p>New Neighbors Together se estableci\u00f3 en 2017 para brindar atenci\u00f3n y apoyo a los solicitantes de asilo y refugiados en Burnley y sus alrededores.<\/p>\n<p>Nuestro objetivo es unir a las personas para ayudarse mutuamente y proporcionar un espacio para compartir comida, cultura, idioma y amistad. Hay mucho que podemos aprender unos de otros y creemos que Burnley se enriquece con nuestro respeto y comprensi\u00f3n mutuos.<\/p>\n<p>Respetamos y valoramos a personas de todos los or\u00edgenes y culturas y estamos trabajando para promover la diversidad dentro de nuestra comunidad.<\/p>\n<p>Somos una organizaci\u00f3n secular que trabaja con personas de muchas religiones y apoyamos el derecho de todos a la libertad de creencia. Juntos, trabajamos con respeto y comprensi\u00f3n mutuos para brindar una c\u00e1lida bienvenida y apoyo a todos los que acuden a nosotros en busca de ayuda.<\/p>\n<p>Gracias a los esfuerzos de nuestra fundadora y directora ejecutiva, Ruth Haygarth, actualmente contamos con un equipo de 40 personas compuesto principalmente por voluntarios y clientes voluntarios que:<\/p>\n<ul>\n<li><span style=\"font-size: 16px; font-style: normal; font-weight: 400;\">Brindar asesoramiento y defensa sobre diversas necesidades.&nbsp;<\/span><\/li><li>Inscripci\u00f3n en consultorios de m\u00e9dicos de cabecera y ayuda con la asistencia sanitaria;<\/li>\n<li>Impartir clases de ESOL (ingl\u00e9s para hablantes de otros idiomas);<\/li>\n<li>Solicitar y clasificar los bienes donados;<\/li>\n<li>Organizar actividades sociales;<\/li>\n<li>Dar la bienvenida y brindar espacio social a nuestros nuevos vecinos.<\/li>\n<\/ul>\n<p>Apoyamos a nuestros nuevos vecinos mientras se abren camino a trav\u00e9s del proceso lento y, a menudo, doloroso de solicitar asilo.<\/p>\n<p><b>Al proporcionar un poco de humanidad, hemos creado muchos recuerdos en el camino.&nbsp;<\/b><\/p>\n<p>En septiembre de 2018 nos convertimos en una organizaci\u00f3n ben\u00e9fica registrada (n\u00famero de organizaci\u00f3n ben\u00e9fica 1179812) y tenemos una <a href=\"https:\/\/www.nntburnley.org\/es\/meet-the-team\/\">Junta directiva<\/a> de nuestra comunidad, incluidos los refugiados asentados.&nbsp;<\/p>\n<p>No podr\u00edamos hacer lo que hacemos sin la generosidad de la gente local que dona muchos art\u00edculos esenciales para nuestras familias y personas que llegan a Burnley, a menudo con poco m\u00e1s que la ropa que llevan puesta.<\/p>\n<p>Tambi\u00e9n estamos enormemente agradecidos a la iglesia de San Juan que nos ha proporcionado nuestro espacio seguro de santuario de forma gratuita.<\/p>\t\t\t\t\t\t\t\t<\/div>\n\t\t\t\t<\/div>\n\t\t\t\t<div class=\"elementor-element elementor-element-64a954b elementor-widget elementor-widget-menu-anchor\" data-id=\"64a954b\" data-element_type=\"widget\" data-widget_type=\"menu-anchor.default\">\n\t\t\t\t<div class=\"elementor-widget-container\">\n\t\t\t\t\t\t\t<div class=\"elementor-menu-anchor\" id=\"trustees\"><\/div>\n\t\t\t\t\t\t<\/div>\n\t\t\t\t<\/div>\n\t\t\t\t\t<\/div>\n\t\t<\/div>\n\t\t\t\t<div class=\"elementor-column elementor-col-50 elementor-top-column elementor-element elementor-element-359113d\" data-id=\"359113d\" data-element_type=\"column\">\n\t\t\t<div class=\"elementor-widget-wrap elementor-element-populated\">\n\t\t\t\t\t\t<div class=\"elementor-element elementor-element-944eec3 elementor-widget elementor-widget-image\" data-id=\"944eec3\" data-element_type=\"widget\" data-widget_type=\"image.default\">\n\t\t\t\t<div class=\"elementor-widget-container\">\n\t\t\t\t\t\t\t\t\t\t\t\t\t\t\t<img decoding=\"async\" src=\"https:\/\/www.nntburnley.org\/wp-content\/uploads\/elementor\/thumbs\/Drop-in-guests-scaled-pgjweao7om4i138we8c6p7gmdgovksdud5wvtw72yg.jpg\" title=\"Deja invitados\" alt=\"Deja invitados\" loading=\"lazy\" \/>\t\t\t\t\t\t\t\t\t\t\t\t\t\t\t<\/div>\n\t\t\t\t<\/div>\n\t\t\t\t<div class=\"elementor-element elementor-element-1fad7cf elementor-widget elementor-widget-image\" data-id=\"1fad7cf\" data-element_type=\"widget\" data-widget_type=\"image.default\">\n\t\t\t\t<div class=\"elementor-widget-container\">\n\t\t\t\t\t\t\t\t\t\t\t\t\t\t\t<img decoding=\"async\" src=\"https:\/\/www.nntburnley.org\/wp-content\/uploads\/elementor\/thumbs\/Easter-11-pnb9zu2868yfwxo9i74lpouc83shbg5cx15nwvgurc.jpg\" title=\"Pascua 11\" alt=\"ni\u00f1o sonriendo\" loading=\"lazy\" \/>\t\t\t\t\t\t\t\t\t\t\t\t\t\t\t<\/div>\n\t\t\t\t<\/div>\n\t\t\t\t<div class=\"elementor-element elementor-element-480103f elementor-widget elementor-widget-image\" data-id=\"480103f\" data-element_type=\"widget\" data-widget_type=\"image.default\">\n\t\t\t\t<div class=\"elementor-widget-container\">\n\t\t\t\t\t\t\t\t\t\t\t\t\t\t\t\t<a href=\"https:\/\/www.nntburnley.org\/wp-content\/uploads\/2024\/08\/NNT-Leaflet-3.0-1.jpg\" data-elementor-open-lightbox=\"yes\" data-elementor-lightbox-title=\"NNT Leaflet - 3.0-1\" data-e-action-hash=\"#elementor-action%3Aaction%3Dlightbox%26settings%3DeyJpZCI6Mjg2MywidXJsIjoiaHR0cHM6XC9cL3d3dy5ubnRidXJubGV5Lm9yZ1wvd3AtY29udGVudFwvdXBsb2Fkc1wvMjAyNFwvMDhcL05OVC1MZWFmbGV0LTMuMC0xLmpwZyJ9\">\n\t\t\t\t\t\t\t<img decoding=\"async\" src=\"https:\/\/www.nntburnley.org\/wp-content\/uploads\/elementor\/thumbs\/NNT-Leaflet-3.0-1-qszo7291ds8g8cmgodgt9jz9txggsjxm20qbfvado8.jpg\" title=\"Folleto NNT \u2013 3.0-1\" alt=\"Folleto NNT - 3.0-1\" loading=\"lazy\" \/>\t\t\t\t\t\t\t\t<\/a>\n\t\t\t\t\t\t\t\t\t\t\t\t\t\t\t<\/div>\n\t\t\t\t<\/div>\n\t\t\t\t\t<\/div>\n\t\t<\/div>\n\t\t\t\t\t<\/div>\n\t\t<\/section>\n\t\t\t\t<\/div>","protected":false},"excerpt":{"rendered":"<p>New Neighbours Together was established in 2017 to provide care and support to asylum seekers and refugees in Burnley and the surrounding area. Our aim is to bring people together to help each other and provide a space for sharing food, culture, language and friendship. There is so much we can learn from each other [&hellip;]<\/p>\n","protected":false},"author":1,"featured_media":2275,"parent":0,"menu_order":0,"comment_status":"closed","ping_status":"closed","template":"","meta":{"site-sidebar-layout":"no-sidebar","site-content-layout":"page-builder","ast-site-content-layout":"default","site-content-style":"default","site-sidebar-style":"default","ast-global-header-display":"","ast-banner-title-visibility":"","ast-main-header-display":"","ast-hfb-above-header-display":"","ast-hfb-below-header-display":"","ast-hfb-mobile-header-display":"","site-post-title":"disabled","ast-breadcrumbs-content":"","ast-featured-img":"disabled","footer-sml-layout":"","ast-disable-related-posts":"","theme-transparent-header-meta":"default","adv-header-id-meta":"","stick-header-meta":"","header-above-stick-meta":"","header-main-stick-meta":"","header-below-stick-meta":"","astra-migrate-meta-layouts":"default","ast-page-background-enabled":"default","ast-page-background-meta":{"desktop":{"background-color":"","background-image":"","background-repeat":"repeat","background-position":"center center","background-size":"auto","background-attachment":"scroll","background-type":"","background-media":"","overlay-type":"","overlay-color":"","overlay-opacity":"","overlay-gradient":""},"tablet":{"background-color":"","background-image":"","background-repeat":"repeat","background-position":"center center","background-size":"auto","background-attachment":"scroll","background-type":"","background-media":"","overlay-type":"","overlay-color":"","overlay-opacity":"","overlay-gradient":""},"mobile":{"background-color":"","background-image":"","background-repeat":"repeat","background-position":"center center","background-size":"auto","background-attachment":"scroll","background-type":"","background-media":"","overlay-type":"","overlay-color":"","overlay-opacity":"","overlay-gradient":""}},"ast-content-background-meta":{"desktop":{"background-color":"var(--ast-global-color-5)","background-image":"","background-repeat":"repeat","background-position":"center center","background-size":"auto","background-attachment":"scroll","background-type":"","background-media":"","overlay-type":"","overlay-color":"","overlay-opacity":"","overlay-gradient":""},"tablet":{"background-color":"var(--ast-global-color-5)","background-image":"","background-repeat":"repeat","background-position":"center center","background-size":"auto","background-attachment":"scroll","background-type":"","background-media":"","overlay-type":"","overlay-color":"","overlay-opacity":"","overlay-gradient":""},"mobile":{"background-color":"var(--ast-global-color-5)","background-image":"","background-repeat":"repeat","background-position":"center center","background-size":"auto","background-attachment":"scroll","background-type":"","background-media":"","overlay-type":"","overlay-color":"","overlay-opacity":"","overlay-gradient":""}},"footnotes":""},"class_list":["post-41","page","type-page","status-publish","has-post-thumbnail","hentry"],"yoast_head":"<!-- This site is optimized with the Yoast SEO plugin v27.6 - https:\/\/yoast.com\/product\/yoast-seo-wordpress\/ -->\n<title>About us - New Neighbours Together Burnley<\/title>\n<meta name=\"description\" content=\"New Neighbours Together is a grassroots charity providing care and support to asylum seekers and refugees in Burnley.\" \/>\n<meta name=\"robots\" content=\"index, follow, max-snippet:-1, max-image-preview:large, max-video-preview:-1\" \/>\n<link rel=\"canonical\" href=\"https:\/\/www.nntburnley.org\/es\/about-us\/\" \/>\n<meta property=\"og:locale\" content=\"es_ES\" \/>\n<meta property=\"og:type\" content=\"article\" \/>\n<meta property=\"og:title\" content=\"About us - New Neighbours Together Burnley\" \/>\n<meta property=\"og:description\" content=\"New Neighbours Together is a grassroots charity providing care and support to asylum seekers and refugees in Burnley.\" \/>\n<meta property=\"og:url\" content=\"https:\/\/www.nntburnley.org\/es\/about-us\/\" \/>\n<meta property=\"og:site_name\" content=\"New Neighbours Together Burnley\" \/>\n<meta property=\"article:modified_time\" content=\"2024-08-22T15:44:02+00:00\" \/>\n<meta property=\"og:image\" content=\"https:\/\/www.nntburnley.org\/wp-content\/uploads\/2022\/05\/2.jpg\" \/>\n\t<meta property=\"og:image:width\" content=\"1920\" \/>\n\t<meta property=\"og:image:height\" content=\"1280\" \/>\n\t<meta property=\"og:image:type\" content=\"image\/jpeg\" \/>\n<meta name=\"twitter:card\" content=\"summary_large_image\" \/>\n<meta name=\"twitter:label1\" content=\"Tiempo de lectura\" \/>\n\t<meta name=\"twitter:data1\" content=\"2 minutos\" \/>\n<script type=\"application\/ld+json\" class=\"yoast-schema-graph\">{\"@context\":\"https:\\\/\\\/schema.org\",\"@graph\":[{\"@type\":\"WebPage\",\"@id\":\"https:\\\/\\\/www.nntburnley.org\\\/about-us\\\/\",\"url\":\"https:\\\/\\\/www.nntburnley.org\\\/about-us\\\/\",\"name\":\"About us - New Neighbours Together Burnley\",\"isPartOf\":{\"@id\":\"https:\\\/\\\/www.nntburnley.org\\\/#website\"},\"primaryImageOfPage\":{\"@id\":\"https:\\\/\\\/www.nntburnley.org\\\/about-us\\\/#primaryimage\"},\"image\":{\"@id\":\"https:\\\/\\\/www.nntburnley.org\\\/about-us\\\/#primaryimage\"},\"thumbnailUrl\":\"https:\\\/\\\/www.nntburnley.org\\\/wp-content\\\/uploads\\\/2022\\\/05\\\/2.jpg\",\"datePublished\":\"2021-03-08T15:17:12+00:00\",\"dateModified\":\"2024-08-22T15:44:02+00:00\",\"description\":\"New Neighbours Together is a grassroots charity providing care and support to asylum seekers and refugees in Burnley.\",\"breadcrumb\":{\"@id\":\"https:\\\/\\\/www.nntburnley.org\\\/about-us\\\/#breadcrumb\"},\"inLanguage\":\"es\",\"potentialAction\":[{\"@type\":\"ReadAction\",\"target\":[\"https:\\\/\\\/www.nntburnley.org\\\/about-us\\\/\"]}]},{\"@type\":\"ImageObject\",\"inLanguage\":\"es\",\"@id\":\"https:\\\/\\\/www.nntburnley.org\\\/about-us\\\/#primaryimage\",\"url\":\"https:\\\/\\\/www.nntburnley.org\\\/wp-content\\\/uploads\\\/2022\\\/05\\\/2.jpg\",\"contentUrl\":\"https:\\\/\\\/www.nntburnley.org\\\/wp-content\\\/uploads\\\/2022\\\/05\\\/2.jpg\",\"width\":1920,\"height\":1280},{\"@type\":\"BreadcrumbList\",\"@id\":\"https:\\\/\\\/www.nntburnley.org\\\/about-us\\\/#breadcrumb\",\"itemListElement\":[{\"@type\":\"ListItem\",\"position\":1,\"name\":\"Home\",\"item\":\"https:\\\/\\\/www.nntburnley.org\\\/\"},{\"@type\":\"ListItem\",\"position\":2,\"name\":\"About us\"}]},{\"@type\":\"WebSite\",\"@id\":\"https:\\\/\\\/www.nntburnley.org\\\/#website\",\"url\":\"https:\\\/\\\/www.nntburnley.org\\\/\",\"name\":\"New Neighbours Together Burnley\",\"description\":\"helping asylum seekers and refugees in Burnley\",\"publisher\":{\"@id\":\"https:\\\/\\\/www.nntburnley.org\\\/#organization\"},\"potentialAction\":[{\"@type\":\"SearchAction\",\"target\":{\"@type\":\"EntryPoint\",\"urlTemplate\":\"https:\\\/\\\/www.nntburnley.org\\\/?s={search_term_string}\"},\"query-input\":{\"@type\":\"PropertyValueSpecification\",\"valueRequired\":true,\"valueName\":\"search_term_string\"}}],\"inLanguage\":\"es\"},{\"@type\":\"Organization\",\"@id\":\"https:\\\/\\\/www.nntburnley.org\\\/#organization\",\"name\":\"New Neighbours Together Burnley\",\"url\":\"https:\\\/\\\/www.nntburnley.org\\\/\",\"logo\":{\"@type\":\"ImageObject\",\"inLanguage\":\"es\",\"@id\":\"https:\\\/\\\/www.nntburnley.org\\\/#\\\/schema\\\/logo\\\/image\\\/\",\"url\":\"https:\\\/\\\/www.nntburnley.org\\\/wp-content\\\/uploads\\\/2024\\\/06\\\/Chosen-Logo2.png\",\"contentUrl\":\"https:\\\/\\\/www.nntburnley.org\\\/wp-content\\\/uploads\\\/2024\\\/06\\\/Chosen-Logo2.png\",\"width\":1072,\"height\":1256,\"caption\":\"New Neighbours Together Burnley\"},\"image\":{\"@id\":\"https:\\\/\\\/www.nntburnley.org\\\/#\\\/schema\\\/logo\\\/image\\\/\"}}]}<\/script>\n<!-- \/ Yoast SEO plugin. -->","yoast_head_json":{"title":"Sobre nosotros - New Neighbors Together Burnley","description":"New Neighbors Together es una organizaci\u00f3n ben\u00e9fica de base que brinda atenci\u00f3n y apoyo a los solicitantes de asilo y refugiados en Burnley.","robots":{"index":"index","follow":"follow","max-snippet":"max-snippet:-1","max-image-preview":"max-image-preview:large","max-video-preview":"max-video-preview:-1"},"canonical":"https:\/\/www.nntburnley.org\/es\/about-us\/","og_locale":"es_ES","og_type":"article","og_title":"About us - New Neighbours Together Burnley","og_description":"New Neighbours Together is a grassroots charity providing care and support to asylum seekers and refugees in Burnley.","og_url":"https:\/\/www.nntburnley.org\/es\/about-us\/","og_site_name":"New Neighbours Together Burnley","article_modified_time":"2024-08-22T15:44:02+00:00","og_image":[{"width":1920,"height":1280,"url":"https:\/\/www.nntburnley.org\/wp-content\/uploads\/2022\/05\/2.jpg","type":"image\/jpeg"}],"twitter_card":"summary_large_image","twitter_misc":{"Tiempo de lectura":"2 minutos"},"schema":{"@context":"https:\/\/schema.org","@graph":[{"@type":"WebPage","@id":"https:\/\/www.nntburnley.org\/about-us\/","url":"https:\/\/www.nntburnley.org\/about-us\/","name":"Sobre nosotros - New Neighbors Together Burnley","isPartOf":{"@id":"https:\/\/www.nntburnley.org\/#website"},"primaryImageOfPage":{"@id":"https:\/\/www.nntburnley.org\/about-us\/#primaryimage"},"image":{"@id":"https:\/\/www.nntburnley.org\/about-us\/#primaryimage"},"thumbnailUrl":"https:\/\/www.nntburnley.org\/wp-content\/uploads\/2022\/05\/2.jpg","datePublished":"2021-03-08T15:17:12+00:00","dateModified":"2024-08-22T15:44:02+00:00","description":"New Neighbors Together es una organizaci\u00f3n ben\u00e9fica de base que brinda atenci\u00f3n y apoyo a los solicitantes de asilo y refugiados en Burnley.","breadcrumb":{"@id":"https:\/\/www.nntburnley.org\/about-us\/#breadcrumb"},"inLanguage":"es","potentialAction":[{"@type":"ReadAction","target":["https:\/\/www.nntburnley.org\/about-us\/"]}]},{"@type":"ImageObject","inLanguage":"es","@id":"https:\/\/www.nntburnley.org\/about-us\/#primaryimage","url":"https:\/\/www.nntburnley.org\/wp-content\/uploads\/2022\/05\/2.jpg","contentUrl":"https:\/\/www.nntburnley.org\/wp-content\/uploads\/2022\/05\/2.jpg","width":1920,"height":1280},{"@type":"BreadcrumbList","@id":"https:\/\/www.nntburnley.org\/about-us\/#breadcrumb","itemListElement":[{"@type":"ListItem","position":1,"name":"Home","item":"https:\/\/www.nntburnley.org\/"},{"@type":"ListItem","position":2,"name":"About us"}]},{"@type":"WebSite","@id":"https:\/\/www.nntburnley.org\/#website","url":"https:\/\/www.nntburnley.org\/","name":"Nuevos vecinos juntos Burnley","description":"ayudar a los solicitantes de asilo y refugiados en Burnley","publisher":{"@id":"https:\/\/www.nntburnley.org\/#organization"},"potentialAction":[{"@type":"SearchAction","target":{"@type":"EntryPoint","urlTemplate":"https:\/\/www.nntburnley.org\/?s={search_term_string}"},"query-input":{"@type":"PropertyValueSpecification","valueRequired":true,"valueName":"search_term_string"}}],"inLanguage":"es"},{"@type":"Organization","@id":"https:\/\/www.nntburnley.org\/#organization","name":"Nuevos vecinos juntos Burnley","url":"https:\/\/www.nntburnley.org\/","logo":{"@type":"ImageObject","inLanguage":"es","@id":"https:\/\/www.nntburnley.org\/#\/schema\/logo\/image\/","url":"https:\/\/www.nntburnley.org\/wp-content\/uploads\/2024\/06\/Chosen-Logo2.png","contentUrl":"https:\/\/www.nntburnley.org\/wp-content\/uploads\/2024\/06\/Chosen-Logo2.png","width":1072,"height":1256,"caption":"New Neighbours Together Burnley"},"image":{"@id":"https:\/\/www.nntburnley.org\/#\/schema\/logo\/image\/"}}]}},"_links":{"self":[{"href":"https:\/\/www.nntburnley.org\/es\/wp-json\/wp\/v2\/pages\/41","targetHints":{"allow":["GET"]}}],"collection":[{"href":"https:\/\/www.nntburnley.org\/es\/wp-json\/wp\/v2\/pages"}],"about":[{"href":"https:\/\/www.nntburnley.org\/es\/wp-json\/wp\/v2\/types\/page"}],"author":[{"embeddable":true,"href":"https:\/\/www.nntburnley.org\/es\/wp-json\/wp\/v2\/users\/1"}],"replies":[{"embeddable":true,"href":"https:\/\/www.nntburnley.org\/es\/wp-json\/wp\/v2\/comments?post=41"}],"version-history":[{"count":223,"href":"https:\/\/www.nntburnley.org\/es\/wp-json\/wp\/v2\/pages\/41\/revisions"}],"predecessor-version":[{"id":2867,"href":"https:\/\/www.nntburnley.org\/es\/wp-json\/wp\/v2\/pages\/41\/revisions\/2867"}],"wp:featuredmedia":[{"embeddable":true,"href":"https:\/\/www.nntburnley.org\/es\/wp-json\/wp\/v2\/media\/2275"}],"wp:attachment":[{"href":"https:\/\/www.nntburnley.org\/es\/wp-json\/wp\/v2\/media?parent=41"}],"curies":[{"name":"gracias","href":"https:\/\/api.w.org\/{rel}","templated":true}]}}